{"id":10582,"date":"2024-04-26T21:45:43","date_gmt":"2024-04-26T18:45:43","guid":{"rendered":"https:\/\/inotechmachining.com\/privacy-statement-eu\/"},"modified":"2024-04-26T21:45:43","modified_gmt":"2024-04-26T18:45:43","slug":"fortrolighedserklaering-eu","status":"publish","type":"page","link":"https:\/\/inotechmachining.com\/da\/privacy-statement-eu\/","title":{"rendered":"Erkl\u00e6ring om beskyttelse af personlige oplysninger (EU)"},"content":{"rendered":"<!-- Legal document generated by Complianz | GDPR\/CCPA Cookie Consent https:\/\/wordpress.org\/plugins\/complianz-gdpr -->\n<div id=\"cmplz-document\" class=\"cmplz-document privacy-statement cmplz-document-eu\"><p><i>This privacy statement was last updated on december 10, 2025 and applies to citizens and legal permanent residents of the European Economic Area and Switzerland.<\/i><br \/><br \/><\/p><p><p>I denne privatlivspolitik forklarer vi, hvad vi g\u00f8r med de data, vi indsamler om dig via <a href=\"https:\/\/inotechmachining.com\/da\">https:\/\/inotechmachining.com\/da<\/a>Vi anbefaler, at du l\u00e6ser denne erkl\u00e6ring omhyggeligt. I vores behandling overholder vi kravene i databeskyttelseslovgivningen. Det betyder blandt andet, at:<\/p><ul>\n                <li>Vi angiver tydeligt de form\u00e5l, hvortil vi behandler personoplysninger. Vi g\u00f8r dette ved hj\u00e6lp af denne privatlivspolitik;<\/li>\n                <li>Vi bestr\u00e6ber os p\u00e5 at begr\u00e6nse vores indsamling af personoplysninger til kun de personoplysninger, der kr\u00e6ves til legitime form\u00e5l;<\/li>\n                <li>vi anmoder f\u00f8rst om dit udtrykkelige samtykke til at behandle dine personoplysninger i tilf\u00e6lde, der kr\u00e6ver dit samtykke;<\/li>\n                <li>vi tr\u00e6ffer passende sikkerhedsforanstaltninger for at beskytte dine personoplysninger og kr\u00e6ver dette ogs\u00e5 af parter, der behandler personoplysninger p\u00e5 vores vegne;<\/li>\n                <li>Vi respekterer din ret til at f\u00e5 adgang til dine personoplysninger eller f\u00e5 dem rettet eller slettet efter anmodning.<\/li>\n            <\/ul><p>Hvis du har sp\u00f8rgsm\u00e5l, eller \u00f8nsker at vide pr\u00e6cis hvilke data vi opbevarer om dig, er du velkommen til at kontakte os.<\/p><\/p><h2>1. Form\u00e5l, data og opbevaringsperiode<\/h2>Vi kan indsamle eller modtage personlige oplysninger til en r\u00e6kke form\u00e5l i forbindelse med vores forretningsdrift, herunder f\u00f8lgende: (klik for at udvide)<details class=\"cmplz-dropdown dropdown-privacy-statement\"><summary><div><h3>1.1 Kontakt - Via telefon, post, e-mail og\/eller webformularer<\/h3><\/div><\/summary><p class=\"cmplz-subtitle\">Til dette form\u00e5l bruger vi f\u00f8lgende data:<\/p><p><ul><li>Et for- og efternavn<\/li><li>En e-mailadresse<\/li><\/ul><\/p><p class=\"cmplz-subtitle\">Grundlaget for, hvorp\u00e5 vi kan behandle disse data, er:<\/p><p><a target=\"_blank\" rel=\"noopener noreferrer nofollow\" href=\"https:\/\/cookiedatabase.org\/legal-bases\/#obligation\">For at overholde en juridisk eller lovgivningsm\u00e6ssig forpligtelse.<\/a><\/p><p class=\"cmplz-subtitle\">Opbevaringsperiode<\/p><p>Vi opbevarer disse data, indtil tjenesten oph\u00f8rer.<\/p><\/details><details class=\"cmplz-dropdown dropdown-privacy-statement\"><summary><div><h3>1.2 Nyhedsbreve<\/h3><\/div><\/summary><p class=\"cmplz-subtitle\">Til dette form\u00e5l bruger vi f\u00f8lgende data:<\/p><p><ul><li>En e-mailadresse<\/li><\/ul><\/p><p class=\"cmplz-subtitle\">Grundlaget for, hvorp\u00e5 vi kan behandle disse data, er:<\/p><p><a target=\"_blank\" rel=\"noopener noreferrer nofollow\" href=\"https:\/\/cookiedatabase.org\/legal-bases\/#obligation\">For at overholde en juridisk eller lovgivningsm\u00e6ssig forpligtelse.<\/a><\/p><p class=\"cmplz-subtitle\">Opbevaringsperiode<\/p><p>Vi opbevarer disse data, indtil tjenesten oph\u00f8rer.<\/p><\/details><details class=\"cmplz-dropdown dropdown-privacy-statement\"><summary><div><h3>1.3 Indsamling og analyse af statistikker til forbedring af hjemmesiden.<\/h3><\/div><\/summary><p class=\"cmplz-subtitle\">Til dette form\u00e5l bruger vi f\u00f8lgende data:<\/p><p><ul><li>IP-adresse<\/li><li>Oplysninger om internetaktivitet, herunder, men ikke begr\u00e6nset til, browserhistorik, s\u00f8gehistorik og oplysninger om en forbrugers interaktion med et websted, en applikation eller en reklame p\u00e5 internettet<\/li><li>Geolokationsdata<\/li><li>Et for- og efternavn<\/li><li>En e-mailadresse<\/li><li>Et telefonnummer<\/li><\/ul><\/p><p class=\"cmplz-subtitle\">Grundlaget for, hvorp\u00e5 vi kan behandle disse data, er:<\/p><p><a target=\"_blank\" rel=\"noopener noreferrer nofollow\" href=\"https:\/\/cookiedatabase.org\/legal-bases\/#obligation\">For at overholde en juridisk eller lovgivningsm\u00e6ssig forpligtelse.<\/a><\/p><p class=\"cmplz-subtitle\">Opbevaringsperiode<\/p><p>Vi opbevarer disse data, indtil tjenesten oph\u00f8rer.<\/p><\/details><h2>2. Deling med andre parter<\/h2><p>Vi deler eller videregiver kun disse data til databehandlere til f\u00f8lgende form\u00e5l:<\/p><h2>3. Cookies<\/h2><p>Vores hjemmeside bruger cookies. For mere information om cookies, se venligst vores <a href=\"https:\/\/inotechmachining.com\/da\/cookie-policy-eu\/\">Cookiepolitik<\/a>.&nbsp;<\/p><h2>4. Oplysningspraksis<\/h2><p><p>Vi videregiver personlige oplysninger, hvis vi i henhold til loven eller en retskendelse er forpligtet til, som svar p\u00e5 et retsh\u00e5ndh\u00e6vende organ, i det omfang, det er tilladt i henhold til andre lovbestemmelser, at give oplysninger eller til en unders\u00f8gelse af et sp\u00f8rgsm\u00e5l relateret til offentlig sikkerhed.<\/p><p>Hvis vores hjemmeside eller organisation bliver overtaget, solgt eller involveret i en fusion eller opk\u00f8b, kan dine oplysninger blive videregivet til vores r\u00e5dgivere og eventuelle potentielle k\u00f8bere og vil blive videregivet til de nye ejere.<\/p><\/p><p>Vi har indg\u00e5et en databehandleraftale med Google.<\/p><p>Google m\u00e5 ikke bruge dataene til andre Google-tjenester.<\/p><p>Vi blokerer medtagelsen af fulde IP-adresser.<\/p><h2>5. Sikkerhed<\/h2><p>Vi er forpligtet til sikkerheden af personoplysninger. Vi tr\u00e6ffer passende sikkerhedsforanstaltninger for at begr\u00e6nse misbrug af og uautoriseret adgang til personoplysninger. Dette sikrer, at kun de n\u00f8dvendige personer har adgang til dine data, at adgangen til dataene er beskyttet, og at vores sikkerhedsforanstaltninger regelm\u00e6ssigt gennemg\u00e5s.<\/p><h2>6. Tredjepartswebsteder<\/h2><p>Denne privatlivspolitik g\u00e6lder ikke for tredjepartswebsteder, der er forbundet via links p\u00e5 vores hjemmeside. Vi kan ikke garantere, at disse tredjeparter h\u00e5ndterer dine personoplysninger p\u00e5 en p\u00e5lidelig eller sikker m\u00e5de. Vi anbefaler, at du l\u00e6ser privatlivspolitikene for disse websteder, inden du bruger dem.<\/p><h2>7. \u00c6ndringer til denne privatlivspolitik<\/h2><p>Vi forbeholder os retten til at foretage \u00e6ndringer i denne privatlivspolitik. Det anbefales, at du regelm\u00e6ssigt konsulterer denne privatlivspolitik for at v\u00e6re opm\u00e6rksom p\u00e5 eventuelle \u00e6ndringer. Derudover vil vi aktivt informere dig, hvor det er muligt.<\/p><h2>8. Adgang til og \u00e6ndring af dine data<\/h2><p>Hvis du har sp\u00f8rgsm\u00e5l eller \u00f8nsker at vide, hvilke personoplysninger vi har om dig, bedes du kontakte os. Du kan kontakte os ved hj\u00e6lp af nedenst\u00e5ende oplysninger. Du har f\u00f8lgende rettigheder:<\/p><ul>\n                <li>Du har ret til at vide, hvorfor dine personoplysninger er n\u00f8dvendige, hvad der sker med dem, og hvor l\u00e6nge de vil blive opbevaret.<\/li>\n                <li>Ret til indsigt: Du har ret til at f\u00e5 indsigt i dine personoplysninger, som vi har kendskab til.<\/li>\n                <li>Ret til berigtigelse: Du har ret til at supplere, rette, f\u00e5 slettet eller blokeret dine personoplysninger, n\u00e5r du \u00f8nsker det.<\/li>\n                <li>Hvis du giver os dit samtykke til at behandle dine data, har du ret til at tilbagekalde dette samtykke og f\u00e5 dine personoplysninger slettet.<\/li>\n                <li>Ret til at overf\u00f8re dine data: Du har ret til at anmode den dataansvarlige om at f\u00e5 alle dine personoplysninger og overf\u00f8re dem i deres helhed til en anden dataansvarlig.<\/li>\n                <li>Ret til indsigelse: Du kan g\u00f8re indsigelse mod behandlingen af dine data. Vi overholder dette, medmindre der er berettiget grund til behandlingen.<\/li>\n            <\/ul><p>S\u00f8rg altid for tydeligt at angive, hvem du er, s\u00e5 vi kan v\u00e6re sikre p\u00e5, at vi ikke \u00e6ndrer eller sletter data om den forkerte person.<\/p><h2>9. Indgivelse af en klage<\/h2><p>Hvis du ikke er tilfreds med den m\u00e5de, hvorp\u00e5 vi h\u00e5ndterer (en klage over) behandlingen af dine personoplysninger, har du ret til at indgive en klage til Datatilsynet.<\/p><h2>10. Kontaktoplysninger<\/h2><p>Inotech Machining SRL<br \/>\n        B-Dul Corneliu Coposu, Nr.4<br \/>\n        Rum\u00e6nien<br \/>\n        Hjemmeside: <a href=\"https:\/\/inotechmachining.com\/da\">https:\/\/inotechmachining.com\/da<\/a> <br \/>\n        E-mail: <span class=\"cmplz-obfuscate\">kontor@<span class=\"cmplz-fmail-domain\">ex.com<\/span>i&#110;&#111;t&#101;ch&#109;&#097;&#099;h&#105;&#110;&#105;&#110;g.com<\/span> <br \/>\n        <\/p><h2>11. Dataanmodninger<\/h2><p>For de oftest indsendte anmodninger tilbyder vi dig ogs\u00e5 muligheden for at bruge vores dataanmodningsformular<br \/>\t\t\t<div class=\"cmplz-datarequest cmplz-alert\">\n\t\t\t\t<span class=\"cmplz-close\">\u00d7<\/span>\n\t\t\t\t<span id=\"cmplz-message\"><\/span>\n\t\t\t<\/div>\n\t\t\t<form id=\"cmplz-datarequest-form\" action=\"\">\n\t\t\t\t<input type=\"hidden\" required value=\"eu\" name=\"cmplz_datarequest_region\" id=\"cmplz_datarequest_region\">\n\n\t\t\t\t<label for=\"cmplz_datarequest_firstname\" class=\"cmplz-first-name\">Navn\t\t\t\t\t<input type=\"search\" class=\"datarequest-firstname\" value=\"\" placeholder=\"dit fornavn\" id=\"cmplz_datarequest_firstname\" name=\"cmplz_datarequest_firstname\">\n\t\t\t\t<\/label>\n\t\t\t\t<div>\n\t\t\t\t\t<label for=\"cmplz_datarequest_name\">Navn<\/label>\n\t\t\t\t\t<input type=\"text\" required value=\"\" placeholder=\"Dit navn\" id=\"cmplz_datarequest_name\" name=\"cmplz_datarequest_name\">\n\t\t\t\t<\/div>\n\t\t\t\t<div>\n\t\t\t\t\t<label for=\"cmplz_datarequest_email\">E-mail<\/label>\n\t\t\t\t\t<input type=\"email\" required value=\"\" placeholder=\"email@email.com\" id=\"cmplz_datarequest_email\" name=\"cmplz_datarequest_email\">\n\t\t\t\t<\/div>\n\t\t\t\t\t\t\t\t\t\t<div class=\"cmplz_datarequest cmplz_datarequest_request_for_access\">\n\t\t\t\t\t\t\t<label for=\"cmplz_datarequest_request_for_access\">\n\t\t\t\t\t\t\t\t<input type=\"checkbox\" value=\"1\" name=\"cmplz_datarequest_request_for_access\" id=\"cmplz_datarequest_request_for_access\" \/>\n\t\t\t\t\t\t\t\tSend en anmodning om adgang til de data, vi behandler om dig.\t\t\t\t\t\t\t<\/label>\n\t\t\t\t\t\t<\/div>\n\t\t\t\t\t\t\t\t\t\t<div class=\"cmplz_datarequest cmplz_datarequest_right_to_be_forgotten\">\n\t\t\t\t\t\t\t<label for=\"cmplz_datarequest_right_to_be_forgotten\">\n\t\t\t\t\t\t\t\t<input type=\"checkbox\" value=\"1\" name=\"cmplz_datarequest_right_to_be_forgotten\" id=\"cmplz_datarequest_right_to_be_forgotten\" \/>\n\t\t\t\t\t\t\t\tSend en anmodning om sletning af data, hvis det ikke l\u00e6ngere er relevant.\t\t\t\t\t\t\t<\/label>\n\t\t\t\t\t\t<\/div>\n\t\t\t\t\t\t\t\t\t\t<div class=\"cmplz_datarequest cmplz_datarequest_right_to_data_portability\">\n\t\t\t\t\t\t\t<label for=\"cmplz_datarequest_right_to_data_portability\">\n\t\t\t\t\t\t\t\t<input type=\"checkbox\" value=\"1\" name=\"cmplz_datarequest_right_to_data_portability\" id=\"cmplz_datarequest_right_to_data_portability\" \/>\n\t\t\t\t\t\t\t\tSend en anmodning om at modtage en eksportfil med de data, vi behandler om dig.\t\t\t\t\t\t\t<\/label>\n\t\t\t\t\t\t<\/div>\n\t\t\t\t\t\t\t\t<input type=\"button\" id=\"cmplz-datarequest-submit\" value=\"Sende\">\n\t\t\t<input type=\"hidden\" name=\"trp-form-language\" value=\"da\"\/><\/form>\n\n\t\t\t<style>\n\t\t\t\t\/* first-name is honeypot *\/\n\t\t\t\t.cmplz-first-name {\n\t\t\t\t\tposition: absolute !important;\n\t\t\t\t\tleft: -5000px !important;\n\t\t\t\t}\n\t\t\t<\/style>\n\t\t\t<\/p><h2>Anneks<\/h2><p><h2>Complianz | Privatlivspakken til WordPress<\/h2><p>Denne hjemmeside bruger Privacy Suite til WordPress fra Complianz til at indsamle optegnelser om samtykke. Til denne funktionalitet er din IP-adresse anonymiseret og gemt i vores database. For mere information, se Complianz <a href=\"https:\/\/complianz.io\/privacy-statement\/\" target=\"_blank\" rel=\"noopener\">Fortrolighedserkl\u00e6ring<\/a>.<\/p><h2>Slider Revolution<\/h2><h3>Youtube<\/h3><p>Vores hjemmeside bruger plugins fra YouTube, som drives af Google. Operat\u00f8ren af siderne er YouTube LLC, 901 Cherry Ave., San Bruno, CA 94066, USA.<\/p><p>Hvis du bes\u00f8ger en af vores sider med et YouTube-plugin, oprettes en forbindelse til YouTube-serverne. Her informeres YouTube-serveren om, hvilke af vores sider du har bes\u00f8gt.<\/p><p>Hvis du er logget ind p\u00e5 din YouTube-konto, giver YouTube dig mulighed for at knytte din browseradf\u00e6rd direkte til din personlige profil. Du kan forhindre dette ved at logge ud af din YouTube-konto.<\/p><p>YouTube bruges til at g\u00f8re vores websted attraktivt. Dette udg\u00f8r en berettiget interesse i henhold til art. 6 (1) (f) DSGVO.<\/p><p>Yderligere information om h\u00e5ndtering af brugerdata kan findes i YouTubes databeskyttelseserkl\u00e6ring under <a href=\"https:\/\/www.google.de\/intl\/de\/policies\/privacy\" target=\"_blank\" rel=\"noopener\">https:\/\/www.google.de\/intl\/de\/policies\/privacy<\/a>.<\/p><h3>Vimeo<\/h3><p>Vores hjemmeside bruger funktioner leveret af Vimeo-videoportalen. Denne service leveres af Vimeo Inc., 555 West 18th Street, New York, New York 10011, USA.<\/p><p>Hvis du bes\u00f8ger en af vores sider med et Vimeo-plugin, oprettes en forbindelse til Vimeo-serverne. Her informeres Vimeo-serveren om, hvilke af vores sider du har bes\u00f8gt. Derudover vil Vimeo modtage din IP-adresse. Dette g\u00e6lder ogs\u00e5, hvis du ikke er logget ind p\u00e5 Vimeo, n\u00e5r du bes\u00f8ger vores plugin eller ikke har en Vimeo-konto. Oplysningerne sendes til en Vimeo-server i USA, hvor de opbevares.<\/p><p>Hvis du er logget ind p\u00e5 din Vimeo-konto, giver Vimeo dig mulighed for at knytte din browseradf\u00e6rd direkte til din personlige profil. Du kan forhindre dette ved at logge ud af din Vimeo-konto.<\/p><p>For mere information om, hvordan man h\u00e5ndterer brugerdata, se venligst Vimeos privatlivspolitik p\u00e5 <a href=\"https:\/\/vimeo.com\/privacy\" target=\"_blank\" rel=\"noopener\">https:\/\/vimeo.com\/privacy<\/a>.<\/p><h3>Google Web-skrifttyper<\/h3><p>Til ensartet repr\u00e6sentation af skrifttyper bruger denne side webskrifttyper leveret af Google. N\u00e5r du \u00e5bner en side, indl\u00e6ser din browser de n\u00f8dvendige webskrifttyper i din browsercache for at vise tekster og skrifttyper korrekt.<\/p><p>Til dette form\u00e5l skal din browser oprette en direkte forbindelse til Googles servere. Google bliver dermed opm\u00e6rksom p\u00e5, at vores webside blev tilg\u00e5et via din IP-adresse. Brugen af Google Web-skrifttyper sker med henblik p\u00e5 en ensartet og attraktiv pr\u00e6sentation af vores plugin. Dette udg\u00f8r en berettiget interesse i henhold til art. 6 (1) (f) DSGVO.<\/p><p>Hvis din browser ikke underst\u00f8tter webskrifttyper, bruges en standardskrifttype af din computer.<\/p><p>Yderligere information om h\u00e5ndtering af brugerdata kan findes p\u00e5 <a href=\"https:\/\/developers.google.com\/fonts\/faq\" target=\"_blank\" rel=\"noopener\">https:\/\/developers.google.com\/fonts\/faq<\/a> og i Googles privatlivspolitik p\u00e5 <a href=\"https:\/\/www.google.com\/policies\/privacy\/\" target=\"_blank\" rel=\"noopener\">https:\/\/www.google.com\/policies\/privacy\/<\/a>.<\/p><\/p><\/div>","protected":false},"excerpt":{"rendered":"","protected":false},"author":1,"featured_media":0,"parent":0,"menu_order":0,"comment_status":"closed","ping_status":"closed","template":"","meta":{"_monsterinsights_skip_tracking":false,"_monsterinsights_sitenote_active":false,"_monsterinsights_sitenote_note":"","_monsterinsights_sitenote_category":0,"footnotes":""},"class_list":["post-10582","page","type-page","status-publish","hentry"],"_links":{"self":[{"href":"https:\/\/inotechmachining.com\/da\/wp-json\/wp\/v2\/pages\/10582","targetHints":{"allow":["GET"]}}],"collection":[{"href":"https:\/\/inotechmachining.com\/da\/wp-json\/wp\/v2\/pages"}],"about":[{"href":"https:\/\/inotechmachining.com\/da\/wp-json\/wp\/v2\/types\/page"}],"author":[{"embeddable":true,"href":"https:\/\/inotechmachining.com\/da\/wp-json\/wp\/v2\/users\/1"}],"replies":[{"embeddable":true,"href":"https:\/\/inotechmachining.com\/da\/wp-json\/wp\/v2\/comments?post=10582"}],"version-history":[{"count":0,"href":"https:\/\/inotechmachining.com\/da\/wp-json\/wp\/v2\/pages\/10582\/revisions"}],"wp:attachment":[{"href":"https:\/\/inotechmachining.com\/da\/wp-json\/wp\/v2\/media?parent=10582"}],"curies":[{"name":"wp","href":"https:\/\/api.w.org\/{rel}","templated":true}]}}