{"id":10583,"date":"2024-04-26T21:45:44","date_gmt":"2024-04-26T18:45:44","guid":{"rendered":"https:\/\/inotechmachining.com\/disclaimer\/"},"modified":"2024-04-26T21:45:44","modified_gmt":"2024-04-26T18:45:44","slug":"ansvarsfraskrivelse","status":"publish","type":"page","link":"https:\/\/inotechmachining.com\/da\/disclaimer\/","title":{"rendered":"Ansvarsfraskrivelse"},"content":{"rendered":"<!-- Legal document generated by Complianz | GDPR\/CCPA Cookie Consent https:\/\/wordpress.org\/plugins\/complianz-gdpr -->\n<div id=\"cmplz-document\" class=\"cmplz-document disclaimer cmplz-document-all\"><p>Inotech Machining SRL er forpligtet til at holde denne hjemmeside opdateret og n\u00f8jagtig. Skulle du alligevel st\u00f8de p\u00e5 noget, der er forkert eller for\u00e6ldet, vil vi s\u00e6tte pris p\u00e5, hvis du vil give os besked. Angiv venligst, hvor p\u00e5 hjemmesiden du har l\u00e6st informationen. Vi vil derefter se p\u00e5 dette hurtigst muligt. Send venligst dit svar via e-mail til: <span class=\"cmplz-obfuscate\">kontor@<span class=\"cmplz-fmail-domain\">ex.com<\/span>&#105;n&#111;&#116;e&#099;h&#109;&#097;chi&#110;i&#110;&#103;&#046;co&#109;<\/span>.<\/p><p>Vi er ikke ansvarlige for tab som f\u00f8lge af un\u00f8jagtigheder eller ufuldst\u00e6ndigheder, og heller ikke for tab som f\u00f8lge af problemer for\u00e5rsaget af eller iboende i forbindelse med formidling af information via internettet, s\u00e5som afbrydelser eller forstyrrelser. Ved brug af webformularer bestr\u00e6ber vi os p\u00e5 at begr\u00e6nse antallet af obligatoriske felter til et minimum. For ethvert tab, der m\u00e5tte opst\u00e5 som f\u00f8lge af brugen af data, r\u00e5dgivning eller ideer leveret af eller p\u00e5 vegne af Inotech Machining SRL via denne hjemmeside, p\u00e5tager Inotech Machining SRL sig intet ansvar.<\/p><p>Svar og foresp\u00f8rgsler om beskyttelse af personlige oplysninger, der indsendes via e-mail eller ved hj\u00e6lp af en webformular, vil blive behandlet p\u00e5 samme m\u00e5de som breve. Det betyder, at du kan forvente et svar fra os inden for senest 1 m\u00e5ned. I tilf\u00e6lde af komplekse anmodninger giver vi dig besked inden for 1 m\u00e5ned, hvis vi har brug for maksimalt 3 m\u00e5neder.<\/p><p>Alle personoplysninger, du giver os i forbindelse med dit svar eller din anmodning om information, vil kun blive brugt i overensstemmelse med vores privatlivspolitik.<\/p><p>Inotech Machining SRL skal g\u00f8re alt, hvad der er rimeligt, for at beskytte sine systemer mod enhver form for ulovlig brug. Inotech Machining SRL skal implementere passende tekniske og organisatoriske foranstaltninger med henblik herp\u00e5, under hensyntagen til blandt andet den aktuelle teknologi. Inotech Machining SRL er dog ikke ansvarlig for noget direkte og\/eller indirekte tab, som en bruger af hjemmesiden m\u00e5tte lide som f\u00f8lge af ulovlig brug af dens systemer af en tredjepart.<\/p><p>Inotech Machining SRL p\u00e5tager sig intet ansvar for indholdet af websteder, hvortil eller hvorfra der henvises til et hyperlink eller anden form for henvisning. Produkter eller tjenester, der tilbydes af tredjeparter, er underlagt disse tredjeparters g\u00e6ldende vilk\u00e5r og betingelser.<\/p><p>Alle immaterielle rettigheder til indhold p\u00e5 denne hjemmeside tilh\u00f8rer Inotech Machining SRL eller tredjeparter, der selv har placeret indholdet, eller som Inotech Machining SRL har f\u00e5et en brugerlicens fra.<\/p><p>Kopiering, formidling og enhver anden brug af disse materialer er ikke tilladt uden skriftlig tilladelse fra Inotech Machining SRL, medmindre og kun i det omfang andet er fastsat i ufravigelige lovbestemmelser (s\u00e5som citatretten), medmindre andet er fastsat i det specifikke indhold.<\/p><p>Hvis du har sp\u00f8rgsm\u00e5l eller problemer med hjemmesidens tilg\u00e6ngelighed, er du velkommen til at kontakte os.<\/p><\/div>","protected":false},"excerpt":{"rendered":"","protected":false},"author":1,"featured_media":0,"parent":0,"menu_order":0,"comment_status":"closed","ping_status":"closed","template":"","meta":{"_monsterinsights_skip_tracking":false,"_monsterinsights_sitenote_active":false,"_monsterinsights_sitenote_note":"","_monsterinsights_sitenote_category":0,"footnotes":""},"class_list":["post-10583","page","type-page","status-publish","hentry"],"_links":{"self":[{"href":"https:\/\/inotechmachining.com\/da\/wp-json\/wp\/v2\/pages\/10583","targetHints":{"allow":["GET"]}}],"collection":[{"href":"https:\/\/inotechmachining.com\/da\/wp-json\/wp\/v2\/pages"}],"about":[{"href":"https:\/\/inotechmachining.com\/da\/wp-json\/wp\/v2\/types\/page"}],"author":[{"embeddable":true,"href":"https:\/\/inotechmachining.com\/da\/wp-json\/wp\/v2\/users\/1"}],"replies":[{"embeddable":true,"href":"https:\/\/inotechmachining.com\/da\/wp-json\/wp\/v2\/comments?post=10583"}],"version-history":[{"count":0,"href":"https:\/\/inotechmachining.com\/da\/wp-json\/wp\/v2\/pages\/10583\/revisions"}],"wp:attachment":[{"href":"https:\/\/inotechmachining.com\/da\/wp-json\/wp\/v2\/media?parent=10583"}],"curies":[{"name":"wp","href":"https:\/\/api.w.org\/{rel}","templated":true}]}}