{"id":10958,"date":"2024-07-10T13:25:53","date_gmt":"2024-07-10T10:25:53","guid":{"rendered":"https:\/\/inotechmachining.com\/?page_id=10958"},"modified":"2024-07-10T13:39:16","modified_gmt":"2024-07-10T10:39:16","slug":"tak-skal-du-have","status":"publish","type":"page","link":"https:\/\/inotechmachining.com\/da\/thank-you\/","title":{"rendered":"Tak skal du have"},"content":{"rendered":"<div data-elementor-type=\"wp-page\" data-elementor-id=\"10958\" class=\"elementor elementor-10958\" data-elementor-post-type=\"page\">\n\t\t\t\t\t\t<section class=\"elementor-section elementor-top-section elementor-element elementor-element-3fbc053 elementor-section-boxed elementor-section-height-default elementor-section-height-default\" data-id=\"3fbc053\" data-element_type=\"section\" data-e-type=\"section\">\n\t\t\t\t\t\t<div class=\"elementor-container elementor-column-gap-default\">\n\t\t\t\t\t<div class=\"elementor-column elementor-col-100 elementor-top-column elementor-element elementor-element-a3f3cc9\" data-id=\"a3f3cc9\" data-element_type=\"column\" data-e-type=\"column\">\n\t\t\t<div class=\"elementor-widget-wrap elementor-element-populated\">\n\t\t\t\t\t\t<div class=\"elementor-element elementor-element-2c3a9b2 elementor-widget elementor-widget-heading\" data-id=\"2c3a9b2\" data-element_type=\"widget\" data-e-type=\"widget\" data-widget_type=\"heading.default\">\n\t\t\t\t<div class=\"elementor-widget-container\">\n\t\t\t\t\t<h1 class=\"elementor-heading-title elementor-size-default\"><h3>Tak for din foresp\u00f8rgsel!<\/h3><\/h1>\t\t\t\t<\/div>\n\t\t\t\t<\/div>\n\t\t\t\t<section class=\"elementor-section elementor-inner-section elementor-element elementor-element-f7e13ae elementor-section-boxed elementor-section-height-default elementor-section-height-default\" data-id=\"f7e13ae\" data-element_type=\"section\" data-e-type=\"section\">\n\t\t\t\t\t\t<div class=\"elementor-container elementor-column-gap-default\">\n\t\t\t\t\t<div class=\"elementor-column elementor-col-100 elementor-inner-column elementor-element elementor-element-972abf3\" data-id=\"972abf3\" data-element_type=\"column\" data-e-type=\"column\">\n\t\t\t<div class=\"elementor-widget-wrap elementor-element-populated\">\n\t\t\t\t\t\t<div class=\"elementor-element elementor-element-7b69968 elementor-widget elementor-widget-text-editor\" data-id=\"7b69968\" data-element_type=\"widget\" data-e-type=\"widget\" data-widget_type=\"text-editor.default\">\n\t\t\t\t<div class=\"elementor-widget-container\">\n\t\t\t\t\t\t\t\t\t<p>Din besked blev sendt.<\/p><p><span style=\"font-size: 16px; color: var( --e-global-color-text );\">Tak for din henvendelse til Inotech Machining. Vi s\u00e6tter pris p\u00e5 din interesse for vores pr\u00e6cisionsbearbejdningstjenester. Vores team er dedikeret til at give dig de bedste l\u00f8sninger til dine bearbejdningsbehov og vil svare p\u00e5 din foresp\u00f8rgsel inden for 24 timer.<\/span><\/p><p style=\"text-align: start;\">I mellemtiden er du velkommen til at kontakte os p\u00e5 tlf\u00a0<span style=\"background-color: #030f27; color: #00ffff; font-family: Roboto; font-size: 17px; font-style: normal; font-variant-ligatures: normal; font-variant-caps: normal; font-weight: 400; text-align: left;\">+40 724 38 08 44<\/span><span style=\"font-size: 16px; color: var( --e-global-color-text );\"> eller p\u00e5 mail p\u00e5\u00a0<\/span><span style=\"background-color: #030f27; color: #00ffff; font-family: Roboto; font-size: 17px; font-style: normal; font-variant-ligatures: normal; font-variant-caps: normal; font-weight: 400;\">office@inotechmachining.com<\/span><span style=\"font-size: 16px; color: var( --e-global-color-text );\">\u00a0<\/span><span style=\"font-size: 16px; color: var( --e-global-color-text );\">hvis du har sp\u00f8rgsm\u00e5l eller har brug for \u00f8jeblikkelig hj\u00e6lp. Vi er her for at hj\u00e6lpe og sikre, at alle dine krav til bearbejdning opfyldes med de h\u00f8jeste standarder for kvalitet og service.<\/span><\/p><p>Vi ser frem til at arbejde sammen med dig og give dig f\u00f8rsteklasses bearbejdningsl\u00f8sninger.<span style=\"font-size: 16px; color: var( --e-global-color-text );\"><br \/><\/span><\/p>\t\t\t\t\t\t\t\t<\/div>\n\t\t\t\t<\/div>\n\t\t\t\t\t<\/div>\n\t\t<\/div>\n\t\t\t\t\t<\/div>\n\t\t<\/section>\n\t\t\t\t\t<\/div>\n\t\t<\/div>\n\t\t\t\t\t<\/div>\n\t\t<\/section>\n\t\t\t\t<\/div>","protected":false},"excerpt":{"rendered":"<p>Tak for din henvendelse! Din besked blev sendt. Tak for din henvendelse til Inotech Machining. Vi v\u00e6rds\u00e6tter din interesse for vores pr\u00e6cisionsbearbejdningstjenester. Vores team er dedikeret til at give dig de bedste l\u00f8sninger til dine bearbejdningsbehov og vil reagere p\u00e5 dine<\/p>","protected":false},"author":1,"featured_media":0,"parent":0,"menu_order":0,"comment_status":"closed","ping_status":"closed","template":"","meta":{"_monsterinsights_skip_tracking":false,"_monsterinsights_sitenote_active":false,"_monsterinsights_sitenote_note":"","_monsterinsights_sitenote_category":0,"footnotes":""},"class_list":["post-10958","page","type-page","status-publish","hentry"],"_links":{"self":[{"href":"https:\/\/inotechmachining.com\/da\/wp-json\/wp\/v2\/pages\/10958","targetHints":{"allow":["GET"]}}],"collection":[{"href":"https:\/\/inotechmachining.com\/da\/wp-json\/wp\/v2\/pages"}],"about":[{"href":"https:\/\/inotechmachining.com\/da\/wp-json\/wp\/v2\/types\/page"}],"author":[{"embeddable":true,"href":"https:\/\/inotechmachining.com\/da\/wp-json\/wp\/v2\/users\/1"}],"replies":[{"embeddable":true,"href":"https:\/\/inotechmachining.com\/da\/wp-json\/wp\/v2\/comments?post=10958"}],"version-history":[{"count":25,"href":"https:\/\/inotechmachining.com\/da\/wp-json\/wp\/v2\/pages\/10958\/revisions"}],"predecessor-version":[{"id":10983,"href":"https:\/\/inotechmachining.com\/da\/wp-json\/wp\/v2\/pages\/10958\/revisions\/10983"}],"wp:attachment":[{"href":"https:\/\/inotechmachining.com\/da\/wp-json\/wp\/v2\/media?parent=10958"}],"curies":[{"name":"wp","href":"https:\/\/api.w.org\/{rel}","templated":true}]}}