{"id":10583,"date":"2024-04-26T21:45:44","date_gmt":"2024-04-26T18:45:44","guid":{"rendered":"https:\/\/inotechmachining.com\/disclaimer\/"},"modified":"2024-04-26T21:45:44","modified_gmt":"2024-04-26T18:45:44","slug":"haftungsausschluss","status":"publish","type":"page","link":"https:\/\/inotechmachining.com\/de\/disclaimer\/","title":{"rendered":"Haftungsausschluss"},"content":{"rendered":"<!-- Legal document generated by Complianz | GDPR\/CCPA Cookie Consent https:\/\/wordpress.org\/plugins\/complianz-gdpr -->\n<div id=\"cmplz-document\" class=\"cmplz-document disclaimer cmplz-document-all\"><p>Inotech Machining SRL ist bestrebt, diese Website aktuell und korrekt zu halten. Sollten Sie dennoch auf fehlerhafte oder veraltete Informationen sto\u00dfen, w\u00fcrden wir uns freuen, wenn Sie uns dies mitteilen. Bitte geben Sie an, wo auf der Website Sie die Informationen gelesen haben. Wir werden uns dann schnellstm\u00f6glich darum k\u00fcmmern. Bitte senden Sie Ihre Antwort per E-Mail an: <span class=\"cmplz-obfuscate\">B\u00fcro@<span class=\"cmplz-fmail-domain\">ex.com<\/span>in&#111;&#116;e&#099;&#104;ma&#099;h&#105;n&#105;n&#103;&#046;co&#109;<\/span>.<\/p><p>Wir haften nicht f\u00fcr aus Ungenauigkeit oder Unvollst\u00e4ndigkeit resultierende Verluste, noch f\u00fcr entstehende Verluste oder Verbreitung von Informationen \u00fcber das Internet - wie St\u00f6rungen oder Unterbrechungen - aufgrund von Problemen, die damit verbunden sind. Bei der Verwendung von Internetformularen bem\u00fchen wir uns, die Zahl der ben\u00f6tigten Felder zu minimieren. F\u00fcr jegliche Verluste die aus der Verwendung von Inotech Machining SRL empfohlener oder stammender Daten, Hinweisen oder Ideen \u00fcbernimmt Inotech Machining SRL keine Haftung.<\/p><p>Per E-Mail oder \u00fcber ein Webformular \u00fcbermittelte Antworten und Datenschutzanfragen werden wie Briefe behandelt. Dies bedeutet, dass Sie sp\u00e4testens innerhalb eines Monats mit einer Antwort von uns rechnen k\u00f6nnen. Bei komplexen Anfragen teilen wir Ihnen innerhalb eines Monats mit, ob wir maximal drei Monate ben\u00f6tigen.<\/p><p>Alle personenbezogenen Daten, die Sie uns im Rahmen Ihrer Antwort oder Informationsanfrage zur Verf\u00fcgung stellen, werden ausschlie\u00dflich gem\u00e4\u00df unserer Datenschutzerkl\u00e4rung verwendet.<\/p><p>Inotech Machining SRL unternimmt jede angemessene Ma\u00dfnahme um sein System vor jeder Form unrechtm\u00e4\u00dfiger Nutzung zu sch\u00fctzen. Inotech Machining SRL setzt zu diesem Zweck geeignete technische und organisatorische Ma\u00dfnahmen ein, die unter anderem den aktuellen Stand der Technik ber\u00fccksichtigen. Das Unternehmen haftet jedoch nicht f\u00fcr direkte und\/oder indirekte Verluste jeglicher Art, die einem Benutzer der Website durch die unrechtm\u00e4\u00dfige Nutzung des Systems Dritter entstehen.<\/p><p>Inotech Machining SRL \u00fcbernimmt keine Verantwortung f\u00fcr den Inhalt von Websites, zu denen oder von denen ein Hyperlink oder eine anderer Verweis f\u00fchrt. Produkte oder Serviceleistungen, die von Drittanbieten angeboten werden, unterliegen den entsprechenden Gesch\u00e4ftsbedingungen dieser Drittanbieten.<\/p><p>Alle geistigen Eigentumsrechte an den Inhalten dieser Website liegen bei Inotech Machining SRL oder bei Dritten, die die Inhalte selbst platziert haben oder von denen Inotech Machining SRL eine Benutzerlizenz erhalten hat.<\/p><p>Das Kopieren, Verbreiten oder jegliche andere Nutzung dieses Materials ist ohne die schriftliche Erlaubnis von Inotech Machining SRL nicht gestattet, sofern in den zwingenden gesetzlichen Bestimmungen (wie etwa dem Zitatrecht) nichts anderes bestimmt ist oder der spezifische Inhalt nichts anderes vorschreibt.<\/p><p>Bei Fragen oder Problemen mit der Erreichbarkeit der Website k\u00f6nnen Sie sich gerne an uns wenden.<\/p><\/div>","protected":false},"excerpt":{"rendered":"","protected":false},"author":1,"featured_media":0,"parent":0,"menu_order":0,"comment_status":"closed","ping_status":"closed","template":"","meta":{"_monsterinsights_skip_tracking":false,"_monsterinsights_sitenote_active":false,"_monsterinsights_sitenote_note":"","_monsterinsights_sitenote_category":0,"footnotes":""},"class_list":["post-10583","page","type-page","status-publish","hentry"],"_links":{"self":[{"href":"https:\/\/inotechmachining.com\/de\/wp-json\/wp\/v2\/pages\/10583","targetHints":{"allow":["GET"]}}],"collection":[{"href":"https:\/\/inotechmachining.com\/de\/wp-json\/wp\/v2\/pages"}],"about":[{"href":"https:\/\/inotechmachining.com\/de\/wp-json\/wp\/v2\/types\/page"}],"author":[{"embeddable":true,"href":"https:\/\/inotechmachining.com\/de\/wp-json\/wp\/v2\/users\/1"}],"replies":[{"embeddable":true,"href":"https:\/\/inotechmachining.com\/de\/wp-json\/wp\/v2\/comments?post=10583"}],"version-history":[{"count":0,"href":"https:\/\/inotechmachining.com\/de\/wp-json\/wp\/v2\/pages\/10583\/revisions"}],"wp:attachment":[{"href":"https:\/\/inotechmachining.com\/de\/wp-json\/wp\/v2\/media?parent=10583"}],"curies":[{"name":"wp","href":"https:\/\/api.w.org\/{rel}","templated":true}]}}