{"id":10958,"date":"2024-07-10T13:25:53","date_gmt":"2024-07-10T10:25:53","guid":{"rendered":"https:\/\/inotechmachining.com\/?page_id=10958"},"modified":"2024-07-10T13:39:16","modified_gmt":"2024-07-10T10:39:16","slug":"danke","status":"publish","type":"page","link":"https:\/\/inotechmachining.com\/de\/thank-you\/","title":{"rendered":"Danke"},"content":{"rendered":"<div data-elementor-type=\"wp-page\" data-elementor-id=\"10958\" class=\"elementor elementor-10958\" data-elementor-post-type=\"page\">\n\t\t\t\t\t\t<section class=\"elementor-section elementor-top-section elementor-element elementor-element-3fbc053 elementor-section-boxed elementor-section-height-default elementor-section-height-default\" data-id=\"3fbc053\" data-element_type=\"section\" data-e-type=\"section\">\n\t\t\t\t\t\t<div class=\"elementor-container elementor-column-gap-default\">\n\t\t\t\t\t<div class=\"elementor-column elementor-col-100 elementor-top-column elementor-element elementor-element-a3f3cc9\" data-id=\"a3f3cc9\" data-element_type=\"column\" data-e-type=\"column\">\n\t\t\t<div class=\"elementor-widget-wrap elementor-element-populated\">\n\t\t\t\t\t\t<div class=\"elementor-element elementor-element-2c3a9b2 elementor-widget elementor-widget-heading\" data-id=\"2c3a9b2\" data-element_type=\"widget\" data-e-type=\"widget\" data-widget_type=\"heading.default\">\n\t\t\t\t<div class=\"elementor-widget-container\">\n\t\t\t\t\t<h1 class=\"elementor-heading-title elementor-size-default\"><h3>Vielen Dank f\u00fcr Ihre Anfrage!<\/h3><\/h1>\t\t\t\t<\/div>\n\t\t\t\t<\/div>\n\t\t\t\t<section class=\"elementor-section elementor-inner-section elementor-element elementor-element-f7e13ae elementor-section-boxed elementor-section-height-default elementor-section-height-default\" data-id=\"f7e13ae\" data-element_type=\"section\" data-e-type=\"section\">\n\t\t\t\t\t\t<div class=\"elementor-container elementor-column-gap-default\">\n\t\t\t\t\t<div class=\"elementor-column elementor-col-100 elementor-inner-column elementor-element elementor-element-972abf3\" data-id=\"972abf3\" data-element_type=\"column\" data-e-type=\"column\">\n\t\t\t<div class=\"elementor-widget-wrap elementor-element-populated\">\n\t\t\t\t\t\t<div class=\"elementor-element elementor-element-7b69968 elementor-widget elementor-widget-text-editor\" data-id=\"7b69968\" data-element_type=\"widget\" data-e-type=\"widget\" data-widget_type=\"text-editor.default\">\n\t\t\t\t<div class=\"elementor-widget-container\">\n\t\t\t\t\t\t\t\t\t<p>Deine Nachricht wurde erfolgreich gesendet.<\/p><p><span style=\"font-size: 16px; color: var( --e-global-color-text );\">Vielen Dank, dass Sie sich an Inotech Machining gewandt haben. Wir freuen uns \u00fcber Ihr Interesse an unseren Pr\u00e4zisionsbearbeitungsdiensten. Unser Team ist bestrebt, Ihnen die besten L\u00f6sungen f\u00fcr Ihre Bearbeitungsanforderungen zu bieten und wird Ihre Anfrage innerhalb von 24 Stunden beantworten.<\/span><\/p><p style=\"text-align: start;\">In der Zwischenzeit erreichen Sie uns gerne telefonisch unter\u00a0<span style=\"background-color: #030f27; color: #00ffff; font-family: Roboto; font-size: 17px; font-style: normal; font-variant-ligatures: normal; font-variant-caps: normal; font-weight: 400; text-align: left;\">+40 724 38 08 44<\/span><span style=\"font-size: 16px; color: var( --e-global-color-text );\"> oder per E-Mail an\u00a0<\/span><span style=\"background-color: #030f27; color: #00ffff; font-family: Roboto; font-size: 17px; font-style: normal; font-variant-ligatures: normal; font-variant-caps: normal; font-weight: 400;\">office@inotechmachining.com<\/span><span style=\"font-size: 16px; color: var( --e-global-color-text );\">\u00a0<\/span><span style=\"font-size: 16px; color: var( --e-global-color-text );\">wenn Sie Fragen haben oder sofortige Hilfe ben\u00f6tigen. Wir sind hier, um Ihnen zu helfen und sicherzustellen, dass alle Ihre Bearbeitungsanforderungen mit den h\u00f6chsten Qualit\u00e4ts- und Servicestandards erf\u00fcllt werden.<\/span><\/p><p>Wir freuen uns auf die Zusammenarbeit mit Ihnen und darauf, Ihnen erstklassige Bearbeitungsl\u00f6sungen anzubieten.<span style=\"font-size: 16px; color: var( --e-global-color-text );\"><br \/><\/span><\/p>\t\t\t\t\t\t\t\t<\/div>\n\t\t\t\t<\/div>\n\t\t\t\t\t<\/div>\n\t\t<\/div>\n\t\t\t\t\t<\/div>\n\t\t<\/section>\n\t\t\t\t\t<\/div>\n\t\t<\/div>\n\t\t\t\t\t<\/div>\n\t\t<\/section>\n\t\t\t\t<\/div>","protected":false},"excerpt":{"rendered":"<p>Vielen Dank f\u00fcr Ihre Anfrage! Ihre Nachricht wurde erfolgreich versendet. Vielen Dank, dass Sie sich an Inotech Machining gewandt haben. Wir freuen uns \u00fcber Ihr Interesse an unseren Pr\u00e4zisionsbearbeitungsdienstleistungen. Unser Team ist bestrebt, Ihnen die besten L\u00f6sungen f\u00fcr Ihre Bearbeitungsanforderungen zu bieten und wird Ihre Fragen gerne beantworten.<\/p>","protected":false},"author":1,"featured_media":0,"parent":0,"menu_order":0,"comment_status":"closed","ping_status":"closed","template":"","meta":{"_monsterinsights_skip_tracking":false,"_monsterinsights_sitenote_active":false,"_monsterinsights_sitenote_note":"","_monsterinsights_sitenote_category":0,"footnotes":""},"class_list":["post-10958","page","type-page","status-publish","hentry"],"_links":{"self":[{"href":"https:\/\/inotechmachining.com\/de\/wp-json\/wp\/v2\/pages\/10958","targetHints":{"allow":["GET"]}}],"collection":[{"href":"https:\/\/inotechmachining.com\/de\/wp-json\/wp\/v2\/pages"}],"about":[{"href":"https:\/\/inotechmachining.com\/de\/wp-json\/wp\/v2\/types\/page"}],"author":[{"embeddable":true,"href":"https:\/\/inotechmachining.com\/de\/wp-json\/wp\/v2\/users\/1"}],"replies":[{"embeddable":true,"href":"https:\/\/inotechmachining.com\/de\/wp-json\/wp\/v2\/comments?post=10958"}],"version-history":[{"count":25,"href":"https:\/\/inotechmachining.com\/de\/wp-json\/wp\/v2\/pages\/10958\/revisions"}],"predecessor-version":[{"id":10983,"href":"https:\/\/inotechmachining.com\/de\/wp-json\/wp\/v2\/pages\/10958\/revisions\/10983"}],"wp:attachment":[{"href":"https:\/\/inotechmachining.com\/de\/wp-json\/wp\/v2\/media?parent=10958"}],"curies":[{"name":"wp","href":"https:\/\/api.w.org\/{rel}","templated":true}]}}