{"id":4273,"date":"2023-07-31T15:23:02","date_gmt":"2023-07-31T12:23:02","guid":{"rendered":"https:\/\/inotechmachining.com\/?page_id=4273"},"modified":"2024-04-19T18:12:02","modified_gmt":"2024-04-19T15:12:02","slug":"seitenverzeichnis","status":"publish","type":"page","link":"https:\/\/inotechmachining.com\/de\/sitemap\/","title":{"rendered":"Sitemap \u2013 inotechmachining.com"},"content":{"rendered":"<div class=\"rank-math-html-sitemap\"><div class=\"rank-math-html-sitemap__section rank-math-html-sitemap__section--post-type rank-math-html-sitemap__section--page\"><h2 class=\"rank-math-html-sitemap__title\">Seiten<\/h2><ul class=\"rank-math-html-sitemap__list\"><li class=\"rank-math-html-sitemap__item\"><a href=\"https:\/\/inotechmachining.com\/de\/ressourcen\/\" class=\"rank-math-html-sitemap__link\">Ressourcen<\/a><ul class=\"rank-math-html-sitemap__list\"><li class=\"rank-math-html-sitemap__item\"><a href=\"https:\/\/inotechmachining.com\/de\/ressourcen\/fortschrittliche-werkstoffbearbeitung-2026\/\" class=\"rank-math-html-sitemap__link\">Fortschrittliche Werkstoffe 2026 \u2013 Von Stahl und Aluminium bis hin zu HEAs, MMCs und der Bearbeitung intelligenter Legierungen<\/a><\/li><li class=\"rank-math-html-sitemap__item\"><a href=\"https:\/\/inotechmachining.com\/de\/ressourcen\/bearbeitungsprozesse-alle-fuhrung\/\" class=\"rank-math-html-sitemap__link\">Bearbeitungsprozesse 2025\u20132026 \u2013 Von der CNC-Bearbeitung bis hin zu KI- und Hybridinnovationen | Vollst\u00e4ndiger Leitfaden<\/a><\/li><li class=\"rank-math-html-sitemap__item\"><a href=\"https:\/\/inotechmachining.com\/de\/ressourcen\/16-meter-karusselldrehmaschine\/\" class=\"rank-math-html-sitemap__link\">16-Meter-Karussell-Drehmaschine<\/a><\/li><li class=\"rank-math-html-sitemap__item\"><a href=\"https:\/\/inotechmachining.com\/de\/ressourcen\/fliessbohren\/\" class=\"rank-math-html-sitemap__link\">Flie\u00dfbohren \u2013 Prinzip, Parameter und Flie\u00dfbohrmaschinen f\u00fcr d\u00fcnnwandige Metalle<\/a><\/li><\/ul><\/li><li class=\"rank-math-html-sitemap__item\"><a href=\"https:\/\/inotechmachining.com\/de\/danke\/\" class=\"rank-math-html-sitemap__link\">Danke<\/a><\/li><li class=\"rank-math-html-sitemap__item\"><a href=\"https:\/\/inotechmachining.com\/de\/cnc-bearbeitung-2\/\" class=\"rank-math-html-sitemap__link\">Home-version1<\/a><\/li><li class=\"rank-math-html-sitemap__item\"><a href=\"https:\/\/inotechmachining.com\/de\/haftungsausschluss\/\" class=\"rank-math-html-sitemap__link\">Haftungsausschluss<\/a><\/li><li class=\"rank-math-html-sitemap__item\"><a href=\"https:\/\/inotechmachining.com\/de\/datenschutzerklarung-eu\/\" class=\"rank-math-html-sitemap__link\">Datenschutzerkl\u00e4rung (EU)<\/a><\/li><li class=\"rank-math-html-sitemap__item\"><a href=\"https:\/\/inotechmachining.com\/de\/ein-angebot-bekommen\/\" class=\"rank-math-html-sitemap__link\">Angebot einholen<\/a><\/li><li class=\"rank-math-html-sitemap__item\"><a href=\"https:\/\/inotechmachining.com\/de\/cookie-richtlinie-eu\/\" class=\"rank-math-html-sitemap__link\">Cookie-Richtlinie (EU)<\/a><\/li><li class=\"rank-math-html-sitemap__item\"><a href=\"https:\/\/inotechmachining.com\/de\/seitenverzeichnis\/\" class=\"rank-math-html-sitemap__link\">Sitemap - inotechmachining.com<\/a><\/li><li class=\"rank-math-html-sitemap__item\"><a href=\"https:\/\/inotechmachining.com\/de\/component-assembly-services\/\" class=\"rank-math-html-sitemap__link\">Komponentenmontagedienste<\/a><\/li><li class=\"rank-math-html-sitemap__item\"><a href=\"https:\/\/inotechmachining.com\/de\/oberflachenveredelung\/\" class=\"rank-math-html-sitemap__link\">Oberfl\u00e4chenveredelung \/ Dienstleistungen<\/a><\/li><li class=\"rank-math-html-sitemap__item\"><a href=\"https:\/\/inotechmachining.com\/de\/branchen\/\" class=\"rank-math-html-sitemap__link\">Projekte<\/a><ul class=\"rank-math-html-sitemap__list\"><li class=\"rank-math-html-sitemap__item\"><a href=\"https:\/\/inotechmachining.com\/de\/branchen\/machined-parts-for-the-research-sector\/\" class=\"rank-math-html-sitemap__link\">Forschungsbereich<\/a><\/li><li class=\"rank-math-html-sitemap__item\"><a href=\"https:\/\/inotechmachining.com\/de\/branchen\/bearbeitete-teile-fur-die-luftfahrtindustrie\/\" class=\"rank-math-html-sitemap__link\">Luftfahrtindustrie<\/a><\/li><li class=\"rank-math-html-sitemap__item\"><a href=\"https:\/\/inotechmachining.com\/de\/branchen\/bearbeitete-teile-fur-die-schwerindustrie\/\" class=\"rank-math-html-sitemap__link\">Schwerindustrie<\/a><\/li><li class=\"rank-math-html-sitemap__item\"><a href=\"https:\/\/inotechmachining.com\/de\/branchen\/bearbeitete-teile-fur-die-automobilindustrie\/\" class=\"rank-math-html-sitemap__link\">Automobilindustrie<\/a><\/li><li class=\"rank-math-html-sitemap__item\"><a href=\"https:\/\/inotechmachining.com\/de\/branchen\/bearbeitete-teile-fur-die-pharmaindustrie\/\" class=\"rank-math-html-sitemap__link\">Pharmaindustrie<\/a><\/li><\/ul><\/li><li class=\"rank-math-html-sitemap__item\"><a href=\"https:\/\/inotechmachining.com\/de\/kunden\/\" class=\"rank-math-html-sitemap__link\">Kunden<\/a><\/li><li class=\"rank-math-html-sitemap__item\"><a href=\"https:\/\/inotechmachining.com\/de\/cnc-bearbeitungsdienste\/\" class=\"rank-math-html-sitemap__link\">Dienstleistungen<\/a><ul class=\"rank-math-html-sitemap__list\"><li class=\"rank-math-html-sitemap__item\"><a href=\"https:\/\/inotechmachining.com\/de\/cnc-bearbeitungsdienste\/schweisdienstleistungen\/\" class=\"rank-math-html-sitemap__link\">Schwei\u00dfen<\/a><\/li><li class=\"rank-math-html-sitemap__item\"><a href=\"https:\/\/inotechmachining.com\/de\/cnc-bearbeitungsdienste\/plasmaschneiden\/\" class=\"rank-math-html-sitemap__link\">Plasmaschneiden<\/a><\/li><li class=\"rank-math-html-sitemap__item\"><a href=\"https:\/\/inotechmachining.com\/de\/cnc-bearbeitungsdienste\/cnc-drehen\/\" class=\"rank-math-html-sitemap__link\">CNC-Drehen<\/a><\/li><li class=\"rank-math-html-sitemap__item\"><a href=\"https:\/\/inotechmachining.com\/de\/cnc-bearbeitungsdienste\/laserschneiden\/\" class=\"rank-math-html-sitemap__link\">Laserschneiddienste<\/a><\/li><li class=\"rank-math-html-sitemap__item\"><a href=\"https:\/\/inotechmachining.com\/de\/cnc-bearbeitungsdienste\/blechbearbeitung\/\" class=\"rank-math-html-sitemap__link\">Kundenspezifische Blechbearbeitungsdienste<\/a><\/li><li class=\"rank-math-html-sitemap__item\"><a href=\"https:\/\/inotechmachining.com\/de\/cnc-bearbeitungsdienste\/cnc-frasen\/\" class=\"rank-math-html-sitemap__link\">CNC-Fr\u00e4sen<\/a><\/li><\/ul><\/li><li class=\"rank-math-html-sitemap__item\"><a href=\"https:\/\/inotechmachining.com\/de\/kontakt\/\" class=\"rank-math-html-sitemap__link\">Kontakt<\/a><\/li><li class=\"rank-math-html-sitemap__item\"><a href=\"https:\/\/inotechmachining.com\/de\/nachricht\/\" class=\"rank-math-html-sitemap__link\">Nachrichten<\/a><\/li><li class=\"rank-math-html-sitemap__item\"><a href=\"https:\/\/inotechmachining.com\/de\/uber-inotech-machining\/\" class=\"rank-math-html-sitemap__link\">\u00dcber<\/a><\/li><li class=\"rank-math-html-sitemap__item\"><a href=\"https:\/\/inotechmachining.com\/de\/\" class=\"rank-math-html-sitemap__link\">Home<\/a><\/li><\/ul><\/div><\/div>","protected":false},"excerpt":{"rendered":"","protected":false},"author":1,"featured_media":0,"parent":0,"menu_order":0,"comment_status":"closed","ping_status":"closed","template":"","meta":{"_monsterinsights_skip_tracking":false,"_monsterinsights_sitenote_active":false,"_monsterinsights_sitenote_note":"","_monsterinsights_sitenote_category":0,"footnotes":""},"class_list":["post-4273","page","type-page","status-publish","hentry"],"_links":{"self":[{"href":"https:\/\/inotechmachining.com\/de\/wp-json\/wp\/v2\/pages\/4273","targetHints":{"allow":["GET"]}}],"collection":[{"href":"https:\/\/inotechmachining.com\/de\/wp-json\/wp\/v2\/pages"}],"about":[{"href":"https:\/\/inotechmachining.com\/de\/wp-json\/wp\/v2\/types\/page"}],"author":[{"embeddable":true,"href":"https:\/\/inotechmachining.com\/de\/wp-json\/wp\/v2\/users\/1"}],"replies":[{"embeddable":true,"href":"https:\/\/inotechmachining.com\/de\/wp-json\/wp\/v2\/comments?post=4273"}],"version-history":[{"count":5,"href":"https:\/\/inotechmachining.com\/de\/wp-json\/wp\/v2\/pages\/4273\/revisions"}],"predecessor-version":[{"id":10438,"href":"https:\/\/inotechmachining.com\/de\/wp-json\/wp\/v2\/pages\/4273\/revisions\/10438"}],"wp:attachment":[{"href":"https:\/\/inotechmachining.com\/de\/wp-json\/wp\/v2\/media?parent=4273"}],"curies":[{"name":"wp","href":"https:\/\/api.w.org\/{rel}","templated":true}]}}