{"id":10582,"date":"2024-04-26T21:45:43","date_gmt":"2024-04-26T18:45:43","guid":{"rendered":"https:\/\/inotechmachining.com\/privacy-statement-eu\/"},"modified":"2024-04-26T21:45:43","modified_gmt":"2024-04-26T18:45:43","slug":"declaration-de-confidentialite-ue","status":"publish","type":"page","link":"https:\/\/inotechmachining.com\/fr\/privacy-statement-eu\/","title":{"rendered":"D\u00e9claration de confidentialit\u00e9 (UE)"},"content":{"rendered":"<!-- Legal document generated by Complianz | GDPR\/CCPA Cookie Consent https:\/\/wordpress.org\/plugins\/complianz-gdpr -->\n<div id=\"cmplz-document\" class=\"cmplz-document privacy-statement cmplz-document-eu\"><p><i>La pr\u00e9sente d\u00e9claration de confidentialit\u00e9 a \u00e9t\u00e9 mise \u00e0 jour pour la derni\u00e8re fois le 10 d\u00e9cembre 2025 et s&#039;applique aux citoyens et r\u00e9sidents permanents l\u00e9gaux de l&#039;Espace \u00e9conomique europ\u00e9en et de la Suisse.<\/i><br \/><br \/><\/p><p><p>Dans cette d\u00e9claration de confidentialit\u00e9, nous expliquons ce que nous faisons avec les donn\u00e9es que nous obtenons \u00e0 votre sujet via <a href=\"https:\/\/inotechmachining.com\/fr\">https:\/\/inotechmachining.com\/fr<\/a>Nous vous recommandons de lire attentivement cette d\u00e9claration. Lors de nos traitements, nous respectons les exigences de la l\u00e9gislation sur la protection de la vie priv\u00e9e. Cela signifie, entre autres, que\u00a0:<\/p><ul>\n                <li>Nous indiquons clairement les finalit\u00e9s du traitement des donn\u00e9es personnelles au moyen de la pr\u00e9sente d\u00e9claration de confidentialit\u00e9.<\/li>\n                <li>nous visons \u00e0 limiter notre collecte de donn\u00e9es personnelles aux seules donn\u00e9es personnelles requises \u00e0 des fins l\u00e9gitimes\u00a0;<\/li>\n                <li>nous demandons d\u2019abord votre consentement explicite pour traiter vos donn\u00e9es personnelles dans les cas n\u00e9cessitant votre consentement ;<\/li>\n                <li>nous prenons des mesures de s\u00e9curit\u00e9 appropri\u00e9es pour prot\u00e9ger vos donn\u00e9es personnelles et nous l&#039;exigeons \u00e9galement des parties qui traitent des donn\u00e9es personnelles en notre nom\u00a0;<\/li>\n                <li>nous respectons votre droit d&#039;acc\u00e9der \u00e0 vos donn\u00e9es personnelles ou de les faire rectifier ou supprimer, \u00e0 votre demande.<\/li>\n            <\/ul><p>Si vous avez des questions ou souhaitez savoir exactement quelles donn\u00e9es nous conservons \u00e0 votre sujet, veuillez nous contacter.<\/p><\/p><h2>1. Finalit\u00e9, donn\u00e9es et dur\u00e9e de conservation<\/h2>Nous pouvons collecter ou recevoir des informations personnelles \u00e0 diverses fins li\u00e9es \u00e0 nos op\u00e9rations commerciales, notamment les suivantes\u00a0: (cliquez pour d\u00e9velopper)<details class=\"cmplz-dropdown dropdown-privacy-statement\"><summary><div><h3>1.1 Contact - Par t\u00e9l\u00e9phone, courrier, e-mail et\/ou formulaires Web<\/h3><\/div><\/summary><p class=\"cmplz-subtitle\">\u00c0 cette fin, nous utilisons les donn\u00e9es suivantes :<\/p><p><ul><li>Un pr\u00e9nom et un nom<\/li><li>Une adresse e-mail<\/li><\/ul><\/p><p class=\"cmplz-subtitle\">La base sur laquelle nous pouvons traiter ces donn\u00e9es est :<\/p><p><a target=\"_blank\" rel=\"noopener noreferrer nofollow\" href=\"https:\/\/cookiedatabase.org\/legal-bases\/#obligation\">Pour se conformer \u00e0 une obligation l\u00e9gale ou r\u00e9glementaire.<\/a><\/p><p class=\"cmplz-subtitle\">P\u00e9riode de conservation<\/p><p>Nous conservons ces donn\u00e9es jusqu&#039;\u00e0 la fin du service.<\/p><\/details><details class=\"cmplz-dropdown dropdown-privacy-statement\"><summary><div><h3>1.2 Bulletins d&#039;information<\/h3><\/div><\/summary><p class=\"cmplz-subtitle\">\u00c0 cette fin, nous utilisons les donn\u00e9es suivantes :<\/p><p><ul><li>Une adresse e-mail<\/li><\/ul><\/p><p class=\"cmplz-subtitle\">La base sur laquelle nous pouvons traiter ces donn\u00e9es est :<\/p><p><a target=\"_blank\" rel=\"noopener noreferrer nofollow\" href=\"https:\/\/cookiedatabase.org\/legal-bases\/#obligation\">Pour se conformer \u00e0 une obligation l\u00e9gale ou r\u00e9glementaire.<\/a><\/p><p class=\"cmplz-subtitle\">P\u00e9riode de conservation<\/p><p>Nous conservons ces donn\u00e9es jusqu&#039;\u00e0 la fin du service.<\/p><\/details><details class=\"cmplz-dropdown dropdown-privacy-statement\"><summary><div><h3>1.3 Compilation et analyse de statistiques pour l\u2019am\u00e9lioration du site Web.<\/h3><\/div><\/summary><p class=\"cmplz-subtitle\">\u00c0 cette fin, nous utilisons les donn\u00e9es suivantes :<\/p><p><ul><li>Adresse IP<\/li><li>Informations sur l&#039;activit\u00e9 Internet, y compris, mais sans s&#039;y limiter, l&#039;historique de navigation, l&#039;historique de recherche et les informations concernant l&#039;interaction d&#039;un consommateur avec un site Web, une application ou une publicit\u00e9 Internet<\/li><li>Donn\u00e9es de g\u00e9olocalisation<\/li><li>Un pr\u00e9nom et un nom<\/li><li>Une adresse e-mail<\/li><li>Un num\u00e9ro de t\u00e9l\u00e9phone<\/li><\/ul><\/p><p class=\"cmplz-subtitle\">La base sur laquelle nous pouvons traiter ces donn\u00e9es est :<\/p><p><a target=\"_blank\" rel=\"noopener noreferrer nofollow\" href=\"https:\/\/cookiedatabase.org\/legal-bases\/#obligation\">Pour se conformer \u00e0 une obligation l\u00e9gale ou r\u00e9glementaire.<\/a><\/p><p class=\"cmplz-subtitle\">P\u00e9riode de conservation<\/p><p>Nous conservons ces donn\u00e9es jusqu&#039;\u00e0 la fin du service.<\/p><\/details><h2>2. Partage avec d&#039;autres parties<\/h2><p>Nous partageons ou divulguons ces donn\u00e9es aux sous-traitants uniquement aux fins suivantes\u00a0:<\/p><h2>3. Cookies<\/h2><p>Notre site web utilise des cookies. Pour plus d&#039;informations sur les cookies, veuillez consulter notre <a href=\"https:\/\/inotechmachining.com\/fr\/cookie-policy-eu\/\">Utilisation des cookies.<\/a>.&nbsp;<\/p><h2>4. Pratiques de divulgation<\/h2><p><p>Nous divulguons des renseignements personnels si la loi ou une ordonnance d\u2019un tribunal nous y oblige, en r\u00e9ponse \u00e0 un organisme charg\u00e9 de l\u2019application de la loi, dans la mesure permise par d\u2019autres dispositions de la loi, pour fournir des renseignements ou pour une enqu\u00eate sur une question li\u00e9e \u00e0 la s\u00e9curit\u00e9 publique.<\/p><p>Si notre site Web ou notre organisation est repris, vendu ou impliqu\u00e9 dans une fusion ou une acquisition, vos donn\u00e9es peuvent \u00eatre divulgu\u00e9es \u00e0 nos conseillers et \u00e0 tout acheteur potentiel et seront transmises aux nouveaux propri\u00e9taires.<\/p><\/p><p>Nous avons conclu un accord de traitement des donn\u00e9es avec Google.<\/p><p>Google ne peut pas utiliser les donn\u00e9es pour d\u2019autres services Google.<\/p><p>L&#039;inclusion des adresses IP compl\u00e8tes est bloqu\u00e9e par nos soins.<\/p><h2>5. S\u00e9curit\u00e9<\/h2><p>Nous nous engageons \u00e0 assurer la s\u00e9curit\u00e9 des donn\u00e9es personnelles. Nous prenons des mesures de s\u00e9curit\u00e9 appropri\u00e9es pour limiter les abus et les acc\u00e8s non autoris\u00e9s aux donn\u00e9es personnelles. Cela garantit que seules les personnes autoris\u00e9es ont acc\u00e8s \u00e0 vos donn\u00e9es, que cet acc\u00e8s est prot\u00e9g\u00e9 et que nos mesures de s\u00e9curit\u00e9 sont r\u00e9guli\u00e8rement revues.<\/p><h2>6. Sites Web tiers<\/h2><p>Cette d\u00e9claration de confidentialit\u00e9 ne s&#039;applique pas aux sites web tiers accessibles via des liens sur notre site. Nous ne pouvons garantir que ces tiers traitent vos donn\u00e9es personnelles de mani\u00e8re fiable et s\u00e9curis\u00e9e. Nous vous recommandons de lire les d\u00e9clarations de confidentialit\u00e9 de ces sites web avant de les utiliser.<\/p><h2>7. Modifications de la pr\u00e9sente d\u00e9claration de confidentialit\u00e9<\/h2><p>Nous nous r\u00e9servons le droit de modifier la pr\u00e9sente d\u00e9claration de confidentialit\u00e9. Il est recommand\u00e9 de la consulter r\u00e9guli\u00e8rement afin de prendre connaissance de toute modification. De plus, nous vous informerons activement d\u00e8s que possible.<\/p><h2>8. Acc\u00e8s et modification de vos donn\u00e9es<\/h2><p>Pour toute question ou pour conna\u00eetre les donn\u00e9es personnelles que nous d\u00e9tenons \u00e0 votre sujet, veuillez nous contacter. Vous pouvez nous contacter aux coordonn\u00e9es ci-dessous. Vous disposez des droits suivants\u00a0:<\/p><ul>\n                <li>Vous avez le droit de savoir pourquoi vos donn\u00e9es personnelles sont n\u00e9cessaires, ce qu\u2019il adviendra d\u2019elles et combien de temps elles seront conserv\u00e9es.<\/li>\n                <li>Droit d\u2019acc\u00e8s : Vous avez le droit d\u2019acc\u00e9der \u00e0 vos donn\u00e9es personnelles que nous connaissons.<\/li>\n                <li>Droit de rectification : vous avez le droit de compl\u00e9ter, de corriger, de faire supprimer ou de bloquer vos donn\u00e9es personnelles \u00e0 tout moment.<\/li>\n                <li>Si vous nous donnez votre consentement pour traiter vos donn\u00e9es, vous avez le droit de r\u00e9voquer ce consentement et de faire supprimer vos donn\u00e9es personnelles.<\/li>\n                <li>Droit de transf\u00e9rer vos donn\u00e9es : vous avez le droit de demander toutes vos donn\u00e9es personnelles au responsable du traitement et de les transf\u00e9rer dans leur int\u00e9gralit\u00e9 \u00e0 un autre responsable du traitement.<\/li>\n                <li>Droit d&#039;opposition\u00a0: vous pouvez vous opposer au traitement de vos donn\u00e9es. Nous nous y conformons, sauf s&#039;il existe des motifs l\u00e9gitimes justifiant le traitement.<\/li>\n            <\/ul><p>Assurez-vous de toujours indiquer clairement qui vous \u00eates, afin que nous puissions \u00eatre certains de ne pas modifier ou supprimer les donn\u00e9es de la mauvaise personne.<\/p><h2>9. D\u00e9poser une plainte<\/h2><p>Si vous n&#039;\u00eates pas satisfait de la mani\u00e8re dont nous traitons (une r\u00e9clamation concernant) le traitement de vos donn\u00e9es personnelles, vous avez le droit de d\u00e9poser une r\u00e9clamation aupr\u00e8s de l&#039;autorit\u00e9 de protection des donn\u00e9es.<\/p><h2>10. Coordonn\u00e9es<\/h2><p>Inotech Usinage SRL<br \/>\n        B-Dul Corneliu Coposu, Nr.4<br \/>\n        Roumanie<br \/>\n        Site web: <a href=\"https:\/\/inotechmachining.com\/fr\">https:\/\/inotechmachining.com\/fr<\/a> <br \/>\n        E-mail: <span class=\"cmplz-obfuscate\">bureau@<span class=\"cmplz-fmail-domain\">ex.com<\/span>&#105;notech&#109;a&#099;&#104;&#105;ning&#046;&#099;om<\/span> <br \/>\n        <\/p><h2>11. Demandes de donn\u00e9es<\/h2><p>Pour les demandes les plus fr\u00e9quemment soumises, nous vous offrons \u00e9galement la possibilit\u00e9 d&#039;utiliser notre formulaire de demande de donn\u00e9es<br \/>\t\t\t<div class=\"cmplz-datarequest cmplz-alert\">\n\t\t\t\t<span class=\"cmplz-close\">\u00d7<\/span>\n\t\t\t\t<span id=\"cmplz-message\"><\/span>\n\t\t\t<\/div>\n\t\t\t<form id=\"cmplz-datarequest-form\" action=\"\">\n\t\t\t\t<input type=\"hidden\" required value=\"eu\" name=\"cmplz_datarequest_region\" id=\"cmplz_datarequest_region\">\n\n\t\t\t\t<label for=\"cmplz_datarequest_firstname\" class=\"cmplz-first-name\">Nom\t\t\t\t\t<input type=\"search\" class=\"datarequest-firstname\" value=\"\" placeholder=\"ton pr\u00e9nom\" id=\"cmplz_datarequest_firstname\" name=\"cmplz_datarequest_firstname\">\n\t\t\t\t<\/label>\n\t\t\t\t<div>\n\t\t\t\t\t<label for=\"cmplz_datarequest_name\">Nom<\/label>\n\t\t\t\t\t<input type=\"text\" required value=\"\" placeholder=\"Votre nom\" id=\"cmplz_datarequest_name\" name=\"cmplz_datarequest_name\">\n\t\t\t\t<\/div>\n\t\t\t\t<div>\n\t\t\t\t\t<label for=\"cmplz_datarequest_email\">E-mail<\/label>\n\t\t\t\t\t<input type=\"email\" required value=\"\" placeholder=\"email@email.com\" id=\"cmplz_datarequest_email\" name=\"cmplz_datarequest_email\">\n\t\t\t\t<\/div>\n\t\t\t\t\t\t\t\t\t\t<div class=\"cmplz_datarequest cmplz_datarequest_request_for_access\">\n\t\t\t\t\t\t\t<label for=\"cmplz_datarequest_request_for_access\">\n\t\t\t\t\t\t\t\t<input type=\"checkbox\" value=\"1\" name=\"cmplz_datarequest_request_for_access\" id=\"cmplz_datarequest_request_for_access\" \/>\n\t\t\t\t\t\t\t\tSoumettre une demande d\u2019acc\u00e8s aux donn\u00e9es que nous traitons \u00e0 votre sujet.\t\t\t\t\t\t\t<\/label>\n\t\t\t\t\t\t<\/div>\n\t\t\t\t\t\t\t\t\t\t<div class=\"cmplz_datarequest cmplz_datarequest_right_to_be_forgotten\">\n\t\t\t\t\t\t\t<label for=\"cmplz_datarequest_right_to_be_forgotten\">\n\t\t\t\t\t\t\t\t<input type=\"checkbox\" value=\"1\" name=\"cmplz_datarequest_right_to_be_forgotten\" id=\"cmplz_datarequest_right_to_be_forgotten\" \/>\n\t\t\t\t\t\t\t\tSoumettre une demande de suppression des donn\u00e9es si elles ne sont plus pertinentes.\t\t\t\t\t\t\t<\/label>\n\t\t\t\t\t\t<\/div>\n\t\t\t\t\t\t\t\t\t\t<div class=\"cmplz_datarequest cmplz_datarequest_right_to_data_portability\">\n\t\t\t\t\t\t\t<label for=\"cmplz_datarequest_right_to_data_portability\">\n\t\t\t\t\t\t\t\t<input type=\"checkbox\" value=\"1\" name=\"cmplz_datarequest_right_to_data_portability\" id=\"cmplz_datarequest_right_to_data_portability\" \/>\n\t\t\t\t\t\t\t\tSoumettez une demande pour recevoir un fichier d&#039;exportation des donn\u00e9es que nous traitons \u00e0 votre sujet.\t\t\t\t\t\t\t<\/label>\n\t\t\t\t\t\t<\/div>\n\t\t\t\t\t\t\t\t<input type=\"button\" id=\"cmplz-datarequest-submit\" value=\"Envoyer\">\n\t\t\t<input type=\"hidden\" name=\"trp-form-language\" value=\"fr\"\/><\/form>\n\n\t\t\t<style>\n\t\t\t\t\/* first-name is honeypot *\/\n\t\t\t\t.cmplz-first-name {\n\t\t\t\t\tposition: absolute !important;\n\t\t\t\t\tleft: -5000px !important;\n\t\t\t\t}\n\t\t\t<\/style>\n\t\t\t<\/p><h2>Annexe<\/h2><p><h2>Conformit\u00e9 | La suite de confidentialit\u00e9 pour WordPress<\/h2><p>Ce site Web utilise la Privacy Suite pour WordPress de Complianz pour collecter des enregistrements de consentement. Pour cette fonctionnalit\u00e9, votre adresse IP est anonymis\u00e9e et stock\u00e9e dans notre base de donn\u00e9es. Pour plus d&#039;informations, consultez le Complianz <a href=\"https:\/\/complianz.io\/privacy-statement\/\" target=\"_blank\" rel=\"noopener\">D\u00e9claration de confidentialit\u00e9<\/a>.<\/p><h2>R\u00e9volution du curseur<\/h2><h3>Youtube<\/h3><p>Notre site Internet utilise des plugins de YouTube, exploit\u00e9s par Google. L&#039;exploitant des pages est YouTube LLC, 901 Cherry Ave., San Bruno, CA 94066, USA.<\/p><p>Si vous visitez l&#039;une de nos pages comportant un plugin YouTube, une connexion aux serveurs YouTube est \u00e9tablie. Ici, le serveur YouTube est inform\u00e9 des pages que vous avez visit\u00e9es.<\/p><p>Si vous \u00eates connect\u00e9 \u00e0 votre compte YouTube, YouTube vous permet d&#039;associer votre comportement de navigation directement \u00e0 votre profil personnel. Vous pouvez \u00e9viter cela en vous d\u00e9connectant de votre compte YouTube.<\/p><p>YouTube est utilis\u00e9 pour rendre notre site Web attrayant. Cela constitue un int\u00e9r\u00eat justifi\u00e9 au sens de l\u2019art. 6 (1) (f) DSGVO.<\/p><p>Vous trouverez de plus amples informations sur le traitement des donn\u00e9es des utilisateurs dans la d\u00e9claration de protection des donn\u00e9es de YouTube sous <a href=\"https:\/\/www.google.de\/intl\/de\/policies\/privacy\" target=\"_blank\" rel=\"noopener\">https:\/\/www.google.de\/intl\/de\/policies\/privacy<\/a>.<\/p><h3>Vim\u00e9o<\/h3><p>Notre site Web utilise des fonctionnalit\u00e9s fournies par le portail vid\u00e9o Vimeo. Ce service est fourni par Vimeo Inc., 555 West 18th Street, New York, New York 10011, \u00c9tats-Unis.<\/p><p>Si vous visitez l&#039;une de nos pages comportant un plugin Vimeo, une connexion aux serveurs Vimeo est \u00e9tablie. Ici, le serveur Vimeo est inform\u00e9 des pages que vous avez visit\u00e9es. De plus, Vimeo recevra votre adresse IP. Ceci s&#039;applique \u00e9galement si vous n&#039;\u00eates pas connect\u00e9 \u00e0 Vimeo lorsque vous visitez notre plugin ou si vous n&#039;avez pas de compte Vimeo. Les informations sont transmises \u00e0 un serveur Vimeo aux \u00c9tats-Unis, o\u00f9 elles sont stock\u00e9es.<\/p><p>Si vous \u00eates connect\u00e9 \u00e0 votre compte Vimeo, Vimeo vous permet d&#039;associer votre comportement de navigation directement \u00e0 votre profil personnel. Vous pouvez \u00e9viter cela en vous d\u00e9connectant de votre compte Vimeo.<\/p><p>Pour plus d&#039;informations sur la fa\u00e7on de g\u00e9rer les donn\u00e9es des utilisateurs, veuillez consulter la politique de confidentialit\u00e9 de Vimeo \u00e0 l&#039;adresse <a href=\"https:\/\/vimeo.com\/privacy\" target=\"_blank\" rel=\"noopener\">https:\/\/vimeo.com\/privacy<\/a>.<\/p><h3>Polices Web Google<\/h3><p>Pour une repr\u00e9sentation uniforme des polices, cette page utilise des polices Web fournies par Google. Lorsque vous ouvrez une page, votre navigateur charge les polices Web requises dans le cache de votre navigateur pour afficher correctement les textes et les polices.<\/p><p>Pour cela, votre navigateur doit \u00e9tablir une connexion directe aux serveurs de Google. Google prend ainsi conscience que notre page Web a \u00e9t\u00e9 consult\u00e9e via votre adresse IP. L&#039;utilisation des polices Web de Google se fait dans l&#039;int\u00e9r\u00eat d&#039;une pr\u00e9sentation uniforme et attrayante de notre plugin. Cela constitue un int\u00e9r\u00eat justifi\u00e9 au sens de l\u2019art. 6 (1) (f) DSGVO.<\/p><p>Si votre navigateur ne prend pas en charge les polices Web, une police standard est utilis\u00e9e par votre ordinateur.<\/p><p>De plus amples informations sur le traitement des donn\u00e9es utilisateur peuvent \u00eatre trouv\u00e9es sur <a href=\"https:\/\/developers.google.com\/fonts\/faq\" target=\"_blank\" rel=\"noopener\">https:\/\/developers.google.com\/fonts\/faq<\/a> et dans la politique de confidentialit\u00e9 de Google \u00e0 l&#039;adresse <a href=\"https:\/\/www.google.com\/policies\/privacy\/\" target=\"_blank\" rel=\"noopener\">https:\/\/www.google.com\/policies\/privacy\/<\/a>.<\/p><\/p><\/div>","protected":false},"excerpt":{"rendered":"","protected":false},"author":1,"featured_media":0,"parent":0,"menu_order":0,"comment_status":"closed","ping_status":"closed","template":"","meta":{"_monsterinsights_skip_tracking":false,"_monsterinsights_sitenote_active":false,"_monsterinsights_sitenote_note":"","_monsterinsights_sitenote_category":0,"footnotes":""},"class_list":["post-10582","page","type-page","status-publish","hentry"],"_links":{"self":[{"href":"https:\/\/inotechmachining.com\/fr\/wp-json\/wp\/v2\/pages\/10582","targetHints":{"allow":["GET"]}}],"collection":[{"href":"https:\/\/inotechmachining.com\/fr\/wp-json\/wp\/v2\/pages"}],"about":[{"href":"https:\/\/inotechmachining.com\/fr\/wp-json\/wp\/v2\/types\/page"}],"author":[{"embeddable":true,"href":"https:\/\/inotechmachining.com\/fr\/wp-json\/wp\/v2\/users\/1"}],"replies":[{"embeddable":true,"href":"https:\/\/inotechmachining.com\/fr\/wp-json\/wp\/v2\/comments?post=10582"}],"version-history":[{"count":0,"href":"https:\/\/inotechmachining.com\/fr\/wp-json\/wp\/v2\/pages\/10582\/revisions"}],"wp:attachment":[{"href":"https:\/\/inotechmachining.com\/fr\/wp-json\/wp\/v2\/media?parent=10582"}],"curies":[{"name":"wp","href":"https:\/\/api.w.org\/{rel}","templated":true}]}}