{"id":10583,"date":"2024-04-26T21:45:44","date_gmt":"2024-04-26T18:45:44","guid":{"rendered":"https:\/\/inotechmachining.com\/disclaimer\/"},"modified":"2024-04-26T21:45:44","modified_gmt":"2024-04-26T18:45:44","slug":"clause-de-non-responsabilite","status":"publish","type":"page","link":"https:\/\/inotechmachining.com\/fr\/disclaimer\/","title":{"rendered":"Clause de non-responsabilit\u00e9"},"content":{"rendered":"<!-- Legal document generated by Complianz | GDPR\/CCPA Cookie Consent https:\/\/wordpress.org\/plugins\/complianz-gdpr -->\n<div id=\"cmplz-document\" class=\"cmplz-document disclaimer cmplz-document-all\"><p>Inotech Machining SRL s&#039;engage \u00e0 maintenir ce site web \u00e0 jour et exact. Si vous constatez n\u00e9anmoins des erreurs ou des informations obsol\u00e8tes, merci de nous les signaler. Veuillez indiquer o\u00f9 vous avez lu ces informations sur le site web. Nous les examinerons dans les meilleurs d\u00e9lais. Veuillez nous envoyer votre r\u00e9ponse par courriel \u00e0\u00a0: <span class=\"cmplz-obfuscate\">bureau@<span class=\"cmplz-fmail-domain\">ex.com<\/span>i&#110;o&#116;e&#099;&#104;&#109;&#097;&#099;&#104;i&#110;ing&#046;c&#111;m<\/span>.<\/p><p>Nous ne sommes pas responsables des pertes r\u00e9sultant d&#039;inexactitudes ou d&#039;informations incompl\u00e8tes, ni des pertes r\u00e9sultant de probl\u00e8mes caus\u00e9s par ou inh\u00e9rents \u00e0 la diffusion d&#039;informations sur Internet, tels que des perturbations ou des interruptions. Lors de l&#039;utilisation de formulaires web, nous nous effor\u00e7ons de limiter au minimum le nombre de champs obligatoires. Inotech Machining SRL d\u00e9cline toute responsabilit\u00e9 en cas de perte r\u00e9sultant de l&#039;utilisation de donn\u00e9es, de conseils ou d&#039;id\u00e9es fournis par ou au nom d&#039;Inotech Machining SRL via ce site web.<\/p><p>Les r\u00e9ponses et demandes de renseignements personnels envoy\u00e9es par courriel ou via un formulaire web seront trait\u00e9es comme des courriers. Vous recevrez donc une r\u00e9ponse de notre part dans un d\u00e9lai d&#039;un mois maximum. Pour les demandes complexes, nous vous informerons dans un d\u00e9lai d&#039;un mois maximum, si nous avons besoin d&#039;un d\u00e9lai de trois mois maximum.<\/p><p>Toutes les donn\u00e9es personnelles que vous nous fournissez dans le cadre de votre r\u00e9ponse ou de votre demande d&#039;informations ne seront utilis\u00e9es que conform\u00e9ment \u00e0 notre d\u00e9claration de confidentialit\u00e9.<\/p><p>Inotech Machining SRL met tout en \u0153uvre pour prot\u00e9ger ses syst\u00e8mes contre toute forme d&#039;utilisation illicite. \u00c0 cette fin, Inotech Machining SRL met en \u0153uvre les mesures techniques et organisationnelles appropri\u00e9es, en tenant compte, entre autres, de l&#039;\u00e9tat de la technique. Cependant, elle ne saurait \u00eatre tenue responsable de tout pr\u00e9judice, direct et\/ou indirect, subi par un utilisateur du site web, r\u00e9sultant de l&#039;utilisation illicite de ses syst\u00e8mes par un tiers.<\/p><p>Inotech Machining SRL d\u00e9cline toute responsabilit\u00e9 quant au contenu des sites web vers lesquels ou depuis lesquels un hyperlien ou toute autre r\u00e9f\u00e9rence est \u00e9tabli. Les produits ou services propos\u00e9s par des tiers sont soumis aux conditions g\u00e9n\u00e9rales applicables de ces derniers.<\/p><p>Tous les droits de propri\u00e9t\u00e9 intellectuelle sur le contenu de ce site Web appartiennent \u00e0 Inotech Machining SRL ou \u00e0 des tiers qui ont eux-m\u00eames plac\u00e9 le contenu ou aupr\u00e8s desquels Inotech Machining SRL a obtenu une licence d&#039;utilisation.<\/p><p>La copie, la diffusion et toute autre utilisation de ces documents ne sont pas autoris\u00e9es sans l&#039;autorisation \u00e9crite d&#039;Inotech Machining SRL, sauf et uniquement dans la mesure o\u00f9 cela est stipul\u00e9 autrement dans les r\u00e9glementations de droit imp\u00e9ratif (comme le droit de citation), \u00e0 moins que le contenu sp\u00e9cifique n&#039;indique le contraire.<\/p><p>Si vous avez des questions ou des probl\u00e8mes concernant l&#039;accessibilit\u00e9 du site, n&#039;h\u00e9sitez pas \u00e0 nous contacter.<\/p><\/div>","protected":false},"excerpt":{"rendered":"","protected":false},"author":1,"featured_media":0,"parent":0,"menu_order":0,"comment_status":"closed","ping_status":"closed","template":"","meta":{"_monsterinsights_skip_tracking":false,"_monsterinsights_sitenote_active":false,"_monsterinsights_sitenote_note":"","_monsterinsights_sitenote_category":0,"footnotes":""},"class_list":["post-10583","page","type-page","status-publish","hentry"],"_links":{"self":[{"href":"https:\/\/inotechmachining.com\/fr\/wp-json\/wp\/v2\/pages\/10583","targetHints":{"allow":["GET"]}}],"collection":[{"href":"https:\/\/inotechmachining.com\/fr\/wp-json\/wp\/v2\/pages"}],"about":[{"href":"https:\/\/inotechmachining.com\/fr\/wp-json\/wp\/v2\/types\/page"}],"author":[{"embeddable":true,"href":"https:\/\/inotechmachining.com\/fr\/wp-json\/wp\/v2\/users\/1"}],"replies":[{"embeddable":true,"href":"https:\/\/inotechmachining.com\/fr\/wp-json\/wp\/v2\/comments?post=10583"}],"version-history":[{"count":0,"href":"https:\/\/inotechmachining.com\/fr\/wp-json\/wp\/v2\/pages\/10583\/revisions"}],"wp:attachment":[{"href":"https:\/\/inotechmachining.com\/fr\/wp-json\/wp\/v2\/media?parent=10583"}],"curies":[{"name":"wp","href":"https:\/\/api.w.org\/{rel}","templated":true}]}}