{"id":10958,"date":"2024-07-10T13:25:53","date_gmt":"2024-07-10T10:25:53","guid":{"rendered":"https:\/\/inotechmachining.com\/?page_id=10958"},"modified":"2024-07-10T13:39:16","modified_gmt":"2024-07-10T10:39:16","slug":"merci","status":"publish","type":"page","link":"https:\/\/inotechmachining.com\/fr\/thank-you\/","title":{"rendered":"Merci"},"content":{"rendered":"<div data-elementor-type=\"wp-page\" data-elementor-id=\"10958\" class=\"elementor elementor-10958\" data-elementor-post-type=\"page\">\n\t\t\t\t\t\t<section class=\"elementor-section elementor-top-section elementor-element elementor-element-3fbc053 elementor-section-boxed elementor-section-height-default elementor-section-height-default\" data-id=\"3fbc053\" data-element_type=\"section\" data-e-type=\"section\">\n\t\t\t\t\t\t<div class=\"elementor-container elementor-column-gap-default\">\n\t\t\t\t\t<div class=\"elementor-column elementor-col-100 elementor-top-column elementor-element elementor-element-a3f3cc9\" data-id=\"a3f3cc9\" data-element_type=\"column\" data-e-type=\"column\">\n\t\t\t<div class=\"elementor-widget-wrap elementor-element-populated\">\n\t\t\t\t\t\t<div class=\"elementor-element elementor-element-2c3a9b2 elementor-widget elementor-widget-heading\" data-id=\"2c3a9b2\" data-element_type=\"widget\" data-e-type=\"widget\" data-widget_type=\"heading.default\">\n\t\t\t\t<div class=\"elementor-widget-container\">\n\t\t\t\t\t<h1 class=\"elementor-heading-title elementor-size-default\"><h3>Merci pour votre demande!<\/h3><\/h1>\t\t\t\t<\/div>\n\t\t\t\t<\/div>\n\t\t\t\t<section class=\"elementor-section elementor-inner-section elementor-element elementor-element-f7e13ae elementor-section-boxed elementor-section-height-default elementor-section-height-default\" data-id=\"f7e13ae\" data-element_type=\"section\" data-e-type=\"section\">\n\t\t\t\t\t\t<div class=\"elementor-container elementor-column-gap-default\">\n\t\t\t\t\t<div class=\"elementor-column elementor-col-100 elementor-inner-column elementor-element elementor-element-972abf3\" data-id=\"972abf3\" data-element_type=\"column\" data-e-type=\"column\">\n\t\t\t<div class=\"elementor-widget-wrap elementor-element-populated\">\n\t\t\t\t\t\t<div class=\"elementor-element elementor-element-7b69968 elementor-widget elementor-widget-text-editor\" data-id=\"7b69968\" data-element_type=\"widget\" data-e-type=\"widget\" data-widget_type=\"text-editor.default\">\n\t\t\t\t<div class=\"elementor-widget-container\">\n\t\t\t\t\t\t\t\t\t<p>Votre message a bien \u00e9t\u00e9 envoy\u00e9.<\/p><p><span style=\"font-size: 16px; color: var( --e-global-color-text );\">Merci d&#039;avoir contact\u00e9 Inotech Machining. Nous appr\u00e9cions votre int\u00e9r\u00eat pour nos services d\u2019usinage de pr\u00e9cision. Notre \u00e9quipe se consacre \u00e0 vous fournir les meilleures solutions pour vos besoins d\u2019usinage et r\u00e9pondra \u00e0 votre demande dans les 24 heures.<\/span><\/p><p style=\"text-align: start;\">En attendant, n&#039;h\u00e9sitez pas \u00e0 nous contacter par t\u00e9l\u00e9phone au\u00a0<span style=\"background-color: #030f27; color: #00ffff; font-family: Roboto; font-size: 17px; font-style: normal; font-variant-ligatures: normal; font-variant-caps: normal; font-weight: 400; text-align: left;\">+40 724 38 08 44<\/span><span style=\"font-size: 16px; color: var( --e-global-color-text );\"> ou par email \u00e0\u00a0<\/span><span style=\"background-color: #030f27; color: #00ffff; font-family: Roboto; font-size: 17px; font-style: normal; font-variant-ligatures: normal; font-variant-caps: normal; font-weight: 400;\">office@inotechmachining.com<\/span><span style=\"font-size: 16px; color: var( --e-global-color-text );\">\u00a0<\/span><span style=\"font-size: 16px; color: var( --e-global-color-text );\">si vous avez des questions ou avez besoin d&#039;une assistance imm\u00e9diate. Nous sommes l\u00e0 pour vous aider et garantir que toutes vos exigences d\u2019usinage sont satisfaites avec les plus hauts standards de qualit\u00e9 et de service.<\/span><\/p><p>Nous sommes impatients de travailler avec vous et de vous fournir des solutions d&#039;usinage de premier ordre.<span style=\"font-size: 16px; color: var( --e-global-color-text );\"><br \/><\/span><\/p>\t\t\t\t\t\t\t\t<\/div>\n\t\t\t\t<\/div>\n\t\t\t\t\t<\/div>\n\t\t<\/div>\n\t\t\t\t\t<\/div>\n\t\t<\/section>\n\t\t\t\t\t<\/div>\n\t\t<\/div>\n\t\t\t\t\t<\/div>\n\t\t<\/section>\n\t\t\t\t<\/div>","protected":false},"excerpt":{"rendered":"<p>Merci pour votre demande\u00a0! Votre message a \u00e9t\u00e9 envoy\u00e9 avec succ\u00e8s. Merci d&#039;avoir contact\u00e9 Inotech Machining. Nous appr\u00e9cions votre int\u00e9r\u00eat pour nos services d&#039;usinage de pr\u00e9cision. Notre \u00e9quipe s&#039;engage \u00e0 vous fournir les meilleures solutions pour vos besoins d&#039;usinage et r\u00e9pondra \u00e0 vos questions.<\/p>","protected":false},"author":1,"featured_media":0,"parent":0,"menu_order":0,"comment_status":"closed","ping_status":"closed","template":"","meta":{"_monsterinsights_skip_tracking":false,"_monsterinsights_sitenote_active":false,"_monsterinsights_sitenote_note":"","_monsterinsights_sitenote_category":0,"footnotes":""},"class_list":["post-10958","page","type-page","status-publish","hentry"],"_links":{"self":[{"href":"https:\/\/inotechmachining.com\/fr\/wp-json\/wp\/v2\/pages\/10958","targetHints":{"allow":["GET"]}}],"collection":[{"href":"https:\/\/inotechmachining.com\/fr\/wp-json\/wp\/v2\/pages"}],"about":[{"href":"https:\/\/inotechmachining.com\/fr\/wp-json\/wp\/v2\/types\/page"}],"author":[{"embeddable":true,"href":"https:\/\/inotechmachining.com\/fr\/wp-json\/wp\/v2\/users\/1"}],"replies":[{"embeddable":true,"href":"https:\/\/inotechmachining.com\/fr\/wp-json\/wp\/v2\/comments?post=10958"}],"version-history":[{"count":25,"href":"https:\/\/inotechmachining.com\/fr\/wp-json\/wp\/v2\/pages\/10958\/revisions"}],"predecessor-version":[{"id":10983,"href":"https:\/\/inotechmachining.com\/fr\/wp-json\/wp\/v2\/pages\/10958\/revisions\/10983"}],"wp:attachment":[{"href":"https:\/\/inotechmachining.com\/fr\/wp-json\/wp\/v2\/media?parent=10958"}],"curies":[{"name":"wp","href":"https:\/\/api.w.org\/{rel}","templated":true}]}}