{"id":4273,"date":"2023-07-31T15:23:02","date_gmt":"2023-07-31T12:23:02","guid":{"rendered":"https:\/\/inotechmachining.com\/?page_id=4273"},"modified":"2024-04-19T18:12:02","modified_gmt":"2024-04-19T15:12:02","slug":"plan-du-site","status":"publish","type":"page","link":"https:\/\/inotechmachining.com\/fr\/sitemap\/","title":{"rendered":"Plan du site \u2013 inotechmachining.com"},"content":{"rendered":"<div class=\"rank-math-html-sitemap\"><div class=\"rank-math-html-sitemap__section rank-math-html-sitemap__section--post-type rank-math-html-sitemap__section--page\"><h2 class=\"rank-math-html-sitemap__title\">Pages<\/h2><ul class=\"rank-math-html-sitemap__list\"><li class=\"rank-math-html-sitemap__item\"><a href=\"https:\/\/inotechmachining.com\/fr\/ressources\/\" class=\"rank-math-html-sitemap__link\">Ressources<\/a><ul class=\"rank-math-html-sitemap__list\"><li class=\"rank-math-html-sitemap__item\"><a href=\"https:\/\/inotechmachining.com\/fr\/ressources\/usinage-des-materiaux-avances-2026\/\" class=\"rank-math-html-sitemap__link\">Mat\u00e9riaux avanc\u00e9s 2026 \u2014 Des aciers et de l&#039;aluminium aux HEA, MMC et alliages intelligents<\/a><\/li><li class=\"rank-math-html-sitemap__item\"><a href=\"https:\/\/inotechmachining.com\/fr\/ressources\/tous-les-processus-dusinage-guident\/\" class=\"rank-math-html-sitemap__link\">Proc\u00e9d\u00e9s d&#039;usinage 2025-2026 \u2014 De l&#039;usinage CNC \u00e0 l&#039;IA et \u00e0 l&#039;innovation hybride | Guide complet<\/a><\/li><li class=\"rank-math-html-sitemap__item\"><a href=\"https:\/\/inotechmachining.com\/fr\/ressources\/tour-carrousel-de-16-metres\/\" class=\"rank-math-html-sitemap__link\">Tour carrousel de 16 m\u00e8tres<\/a><\/li><li class=\"rank-math-html-sitemap__item\"><a href=\"https:\/\/inotechmachining.com\/fr\/ressources\/fluopercage\/\" class=\"rank-math-html-sitemap__link\">Forage \u00e0 flux \u2014 Principe, param\u00e8tres et machines de forage \u00e0 flux pour m\u00e9taux \u00e0 parois minces<\/a><\/li><\/ul><\/li><li class=\"rank-math-html-sitemap__item\"><a href=\"https:\/\/inotechmachining.com\/fr\/merci\/\" class=\"rank-math-html-sitemap__link\">Merci<\/a><\/li><li class=\"rank-math-html-sitemap__item\"><a href=\"https:\/\/inotechmachining.com\/fr\/usinage-cnc-2\/\" class=\"rank-math-html-sitemap__link\">Accueil-version1<\/a><\/li><li class=\"rank-math-html-sitemap__item\"><a href=\"https:\/\/inotechmachining.com\/fr\/clause-de-non-responsabilite\/\" class=\"rank-math-html-sitemap__link\">Clause de non-responsabilit\u00e9<\/a><\/li><li class=\"rank-math-html-sitemap__item\"><a href=\"https:\/\/inotechmachining.com\/fr\/declaration-de-confidentialite-ue\/\" class=\"rank-math-html-sitemap__link\">D\u00e9claration de confidentialit\u00e9 (UE)<\/a><\/li><li class=\"rank-math-html-sitemap__item\"><a href=\"https:\/\/inotechmachining.com\/fr\/obtenir-un-devis\/\" class=\"rank-math-html-sitemap__link\">Obtenez un devis<\/a><\/li><li class=\"rank-math-html-sitemap__item\"><a href=\"https:\/\/inotechmachining.com\/fr\/politique-de-cookies-ue\/\" class=\"rank-math-html-sitemap__link\">Politique en mati\u00e8re de cookies (UE)<\/a><\/li><li class=\"rank-math-html-sitemap__item\"><a href=\"https:\/\/inotechmachining.com\/fr\/plan-du-site\/\" class=\"rank-math-html-sitemap__link\">Plan du site - inotechmachining.com<\/a><\/li><li class=\"rank-math-html-sitemap__item\"><a href=\"https:\/\/inotechmachining.com\/fr\/component-assembly-services\/\" class=\"rank-math-html-sitemap__link\">Services d&#039;assemblage de composants<\/a><\/li><li class=\"rank-math-html-sitemap__item\"><a href=\"https:\/\/inotechmachining.com\/fr\/finition-de-surface\/\" class=\"rank-math-html-sitemap__link\">Finition de surface \/ Services<\/a><\/li><li class=\"rank-math-html-sitemap__item\"><a href=\"https:\/\/inotechmachining.com\/fr\/industries\/\" class=\"rank-math-html-sitemap__link\">Projets<\/a><ul class=\"rank-math-html-sitemap__list\"><li class=\"rank-math-html-sitemap__item\"><a href=\"https:\/\/inotechmachining.com\/fr\/industries\/pieces-usinees-pour-le-secteur-de-la-recherche\/\" class=\"rank-math-html-sitemap__link\">Secteur de la recherche<\/a><\/li><li class=\"rank-math-html-sitemap__item\"><a href=\"https:\/\/inotechmachining.com\/fr\/industries\/pieces-usinees-pour-lindustrie-aeronautique\/\" class=\"rank-math-html-sitemap__link\">Industrie A\u00e9ronautique<\/a><\/li><li class=\"rank-math-html-sitemap__item\"><a href=\"https:\/\/inotechmachining.com\/fr\/industries\/pieces-usinees-pour-lindustrie-lourde\/\" class=\"rank-math-html-sitemap__link\">Industrie lourde<\/a><\/li><li class=\"rank-math-html-sitemap__item\"><a href=\"https:\/\/inotechmachining.com\/fr\/industries\/pieces-usinees-pour-lindustrie-automobile\/\" class=\"rank-math-html-sitemap__link\">Industrie automobile<\/a><\/li><li class=\"rank-math-html-sitemap__item\"><a href=\"https:\/\/inotechmachining.com\/fr\/industries\/pieces-usinees-pour-lindustrie-pharmaceutique\/\" class=\"rank-math-html-sitemap__link\">Industrie pharmaceutique<\/a><\/li><\/ul><\/li><li class=\"rank-math-html-sitemap__item\"><a href=\"https:\/\/inotechmachining.com\/fr\/clients\/\" class=\"rank-math-html-sitemap__link\">Clients<\/a><\/li><li class=\"rank-math-html-sitemap__item\"><a href=\"https:\/\/inotechmachining.com\/fr\/services-dusinage-cnc\/\" class=\"rank-math-html-sitemap__link\">Nos Services<\/a><ul class=\"rank-math-html-sitemap__list\"><li class=\"rank-math-html-sitemap__item\"><a href=\"https:\/\/inotechmachining.com\/fr\/services-dusinage-cnc\/services-de-soudage\/\" class=\"rank-math-html-sitemap__link\">Soudage<\/a><\/li><li class=\"rank-math-html-sitemap__item\"><a href=\"https:\/\/inotechmachining.com\/fr\/services-dusinage-cnc\/decoupe-plasma\/\" class=\"rank-math-html-sitemap__link\">D\u00e9coupe Plasma<\/a><\/li><li class=\"rank-math-html-sitemap__item\"><a href=\"https:\/\/inotechmachining.com\/fr\/services-dusinage-cnc\/tournage-cnc\/\" class=\"rank-math-html-sitemap__link\">Tournage CNC<\/a><\/li><li class=\"rank-math-html-sitemap__item\"><a href=\"https:\/\/inotechmachining.com\/fr\/services-dusinage-cnc\/decoupe-laser\/\" class=\"rank-math-html-sitemap__link\">Services de d\u00e9coupe laser<\/a><\/li><li class=\"rank-math-html-sitemap__item\"><a href=\"https:\/\/inotechmachining.com\/fr\/services-dusinage-cnc\/fabrication-de-toles\/\" class=\"rank-math-html-sitemap__link\">Services de fabrication de t\u00f4les sur mesure<\/a><\/li><li class=\"rank-math-html-sitemap__item\"><a href=\"https:\/\/inotechmachining.com\/fr\/services-dusinage-cnc\/fraisage-cnc\/\" class=\"rank-math-html-sitemap__link\">Fraisage CNC<\/a><\/li><\/ul><\/li><li class=\"rank-math-html-sitemap__item\"><a href=\"https:\/\/inotechmachining.com\/fr\/contact\/\" class=\"rank-math-html-sitemap__link\">Contact<\/a><\/li><li class=\"rank-math-html-sitemap__item\"><a href=\"https:\/\/inotechmachining.com\/fr\/nouvelles\/\" class=\"rank-math-html-sitemap__link\">Actualit\u00e9s<\/a><\/li><li class=\"rank-math-html-sitemap__item\"><a href=\"https:\/\/inotechmachining.com\/fr\/a-propos-dinotech-usinage\/\" class=\"rank-math-html-sitemap__link\">\u00c0 propos<\/a><\/li><li class=\"rank-math-html-sitemap__item\"><a href=\"https:\/\/inotechmachining.com\/fr\/\" class=\"rank-math-html-sitemap__link\">Accueil<\/a><\/li><\/ul><\/div><\/div>","protected":false},"excerpt":{"rendered":"","protected":false},"author":1,"featured_media":0,"parent":0,"menu_order":0,"comment_status":"closed","ping_status":"closed","template":"","meta":{"_monsterinsights_skip_tracking":false,"_monsterinsights_sitenote_active":false,"_monsterinsights_sitenote_note":"","_monsterinsights_sitenote_category":0,"footnotes":""},"class_list":["post-4273","page","type-page","status-publish","hentry"],"_links":{"self":[{"href":"https:\/\/inotechmachining.com\/fr\/wp-json\/wp\/v2\/pages\/4273","targetHints":{"allow":["GET"]}}],"collection":[{"href":"https:\/\/inotechmachining.com\/fr\/wp-json\/wp\/v2\/pages"}],"about":[{"href":"https:\/\/inotechmachining.com\/fr\/wp-json\/wp\/v2\/types\/page"}],"author":[{"embeddable":true,"href":"https:\/\/inotechmachining.com\/fr\/wp-json\/wp\/v2\/users\/1"}],"replies":[{"embeddable":true,"href":"https:\/\/inotechmachining.com\/fr\/wp-json\/wp\/v2\/comments?post=4273"}],"version-history":[{"count":5,"href":"https:\/\/inotechmachining.com\/fr\/wp-json\/wp\/v2\/pages\/4273\/revisions"}],"predecessor-version":[{"id":10438,"href":"https:\/\/inotechmachining.com\/fr\/wp-json\/wp\/v2\/pages\/4273\/revisions\/10438"}],"wp:attachment":[{"href":"https:\/\/inotechmachining.com\/fr\/wp-json\/wp\/v2\/media?parent=4273"}],"curies":[{"name":"wp","href":"https:\/\/api.w.org\/{rel}","templated":true}]}}