{"id":10583,"date":"2024-04-26T21:45:44","date_gmt":"2024-04-26T18:45:44","guid":{"rendered":"https:\/\/inotechmachining.com\/disclaimer\/"},"modified":"2024-04-26T21:45:44","modified_gmt":"2024-04-26T18:45:44","slug":"varning","status":"publish","type":"page","link":"https:\/\/inotechmachining.com\/sv\/disclaimer\/","title":{"rendered":"varning"},"content":{"rendered":"<!-- Legal document generated by Complianz | GDPR\/CCPA Cookie Consent https:\/\/wordpress.org\/plugins\/complianz-gdpr -->\n<div id=\"cmplz-document\" class=\"cmplz-document disclaimer cmplz-document-all\"><p>Inotech Machining SRL str\u00e4var efter att h\u00e5lla denna webbplats uppdaterad och korrekt. Om du \u00e4nd\u00e5 st\u00f6ter p\u00e5 n\u00e5got som \u00e4r felaktigt eller inaktuellt, uppskattar vi om du meddelar oss. V\u00e4nligen ange var p\u00e5 webbplatsen du l\u00e4ste informationen. Vi kommer d\u00e5 att titta p\u00e5 detta s\u00e5 snart som m\u00f6jligt. V\u00e4nligen skicka ditt svar via e-post till: <span class=\"cmplz-obfuscate\">kontor@<span class=\"cmplz-fmail-domain\">ex.com<\/span>&#105;n&#111;te&#099;&#104;m&#097;&#099;h&#105;&#110;&#105;n&#103;.&#099;&#111;&#109;<\/span>.<\/p><p>Vi ansvarar inte f\u00f6r f\u00f6rlust till f\u00f6ljd av felaktigheter eller ofullst\u00e4ndighet, och inte heller f\u00f6r f\u00f6rlust till f\u00f6ljd av problem orsakade av eller inneboende i spridning av information via internet, s\u00e5som st\u00f6rningar eller avbrott. N\u00e4r vi anv\u00e4nder webbformul\u00e4r str\u00e4var vi efter att begr\u00e4nsa antalet obligatoriska f\u00e4lt till ett minimum. F\u00f6r eventuella f\u00f6rluster som uppst\u00e5r till f\u00f6ljd av anv\u00e4ndningen av data, r\u00e5d eller id\u00e9er tillhandah\u00e5llna av eller p\u00e5 uppdrag av Inotech Machining SRL via denna webbplats, tar Inotech Machining SRL inget ansvar.<\/p><p>Svar och sekretessf\u00f6rfr\u00e5gningar som skickas via e-post eller webbformul\u00e4r kommer att behandlas p\u00e5 samma s\u00e4tt som brev. Det inneb\u00e4r att du kan f\u00f6rv\u00e4nta dig svar fr\u00e5n oss senast inom 1 m\u00e5nad. Vid komplexa f\u00f6rfr\u00e5gningar meddelar vi dig inom 1 m\u00e5nad om vi beh\u00f6ver maximalt 3 m\u00e5nader.<\/p><p>Alla personuppgifter som du l\u00e4mnar till oss i samband med ditt svar eller din beg\u00e4ran om information kommer endast att anv\u00e4ndas i enlighet med v\u00e5r integritetspolicy.<\/p><p>Inotech Machining SRL ska g\u00f6ra allt som rimligen \u00e4r f\u00f6r att skydda sina system mot alla former av olaglig anv\u00e4ndning. Inotech Machining SRL ska implementera l\u00e4mpliga tekniska och organisatoriska \u00e5tg\u00e4rder f\u00f6r detta \u00e4ndam\u00e5l, med h\u00e4nsyn till bland annat den aktuella tekniken. Inotech Machining SRL ska dock inte h\u00e5llas ansvarigt f\u00f6r n\u00e5gon direkt och\/eller indirekt f\u00f6rlust som en anv\u00e4ndare av webbplatsen lider till f\u00f6ljd av olaglig anv\u00e4ndning av dess system av en tredje part.<\/p><p>Inotech Machining SRL tar inget ansvar f\u00f6r inneh\u00e5llet p\u00e5 webbplatser till vilka eller fr\u00e5n vilka en hyperl\u00e4nk eller annan h\u00e4nvisning g\u00f6rs. Produkter eller tj\u00e4nster som erbjuds av tredje part ska omfattas av dessa tredje parters till\u00e4mpliga villkor.<\/p><p>Alla immateriella r\u00e4ttigheter till inneh\u00e5llet p\u00e5 denna webbplats tillh\u00f6r Inotech Machining SRL eller tredje parter som sj\u00e4lva har placerat inneh\u00e5llet eller fr\u00e5n vilka Inotech Machining SRL har erh\u00e5llit en anv\u00e4ndarlicens.<\/p><p>Kopiering, spridning och all annan anv\u00e4ndning av detta material \u00e4r inte till\u00e5ten utan skriftligt tillst\u00e5nd fr\u00e5n Inotech Machining SRL, f\u00f6rutom och endast i den m\u00e5n annat anges i tvingande lag (s\u00e5som citatr\u00e4tten), s\u00e5vida inte specifikt inneh\u00e5ll f\u00f6reskriver annat.<\/p><p>Om du har n\u00e5gra fr\u00e5gor eller problem med webbplatsens tillg\u00e4nglighet, tveka inte att kontakta oss.<\/p><\/div>","protected":false},"excerpt":{"rendered":"","protected":false},"author":1,"featured_media":0,"parent":0,"menu_order":0,"comment_status":"closed","ping_status":"closed","template":"","meta":{"_monsterinsights_skip_tracking":false,"_monsterinsights_sitenote_active":false,"_monsterinsights_sitenote_note":"","_monsterinsights_sitenote_category":0,"footnotes":""},"class_list":["post-10583","page","type-page","status-publish","hentry"],"_links":{"self":[{"href":"https:\/\/inotechmachining.com\/sv\/wp-json\/wp\/v2\/pages\/10583","targetHints":{"allow":["GET"]}}],"collection":[{"href":"https:\/\/inotechmachining.com\/sv\/wp-json\/wp\/v2\/pages"}],"about":[{"href":"https:\/\/inotechmachining.com\/sv\/wp-json\/wp\/v2\/types\/page"}],"author":[{"embeddable":true,"href":"https:\/\/inotechmachining.com\/sv\/wp-json\/wp\/v2\/users\/1"}],"replies":[{"embeddable":true,"href":"https:\/\/inotechmachining.com\/sv\/wp-json\/wp\/v2\/comments?post=10583"}],"version-history":[{"count":0,"href":"https:\/\/inotechmachining.com\/sv\/wp-json\/wp\/v2\/pages\/10583\/revisions"}],"wp:attachment":[{"href":"https:\/\/inotechmachining.com\/sv\/wp-json\/wp\/v2\/media?parent=10583"}],"curies":[{"name":"wp","href":"https:\/\/api.w.org\/{rel}","templated":true}]}}