{"id":4273,"date":"2023-07-31T15:23:02","date_gmt":"2023-07-31T12:23:02","guid":{"rendered":"https:\/\/inotechmachining.com\/?page_id=4273"},"modified":"2024-04-19T18:12:02","modified_gmt":"2024-04-19T15:12:02","slug":"webbplatskarta","status":"publish","type":"page","link":"https:\/\/inotechmachining.com\/sv\/sitemap\/","title":{"rendered":"Webbplatskarta \u2013 inotechmachining.com"},"content":{"rendered":"<div class=\"rank-math-html-sitemap\"><div class=\"rank-math-html-sitemap__section rank-math-html-sitemap__section--post-type rank-math-html-sitemap__section--page\"><h2 class=\"rank-math-html-sitemap__title\">Sidor<\/h2><ul class=\"rank-math-html-sitemap__list\"><li class=\"rank-math-html-sitemap__item\"><a href=\"https:\/\/inotechmachining.com\/sv\/resurser\/\" class=\"rank-math-html-sitemap__link\">Resurser<\/a><ul class=\"rank-math-html-sitemap__list\"><li class=\"rank-math-html-sitemap__item\"><a href=\"https:\/\/inotechmachining.com\/sv\/resurser\/avancerade-material-2026-bearbetning\/\" class=\"rank-math-html-sitemap__link\">Avancerade material 2026 \u2014 Fr\u00e5n st\u00e5l och aluminium till HEA, MMC och smart legeringsbearbetning<\/a><\/li><li class=\"rank-math-html-sitemap__item\"><a href=\"https:\/\/inotechmachining.com\/sv\/resurser\/bearbetningsprocesser-alla-guider\/\" class=\"rank-math-html-sitemap__link\">Bearbetningsprocesser 2025\u20132026 \u2014 Fr\u00e5n CNC-bearbetning till AI och hybridinnovation | Komplett guide<\/a><\/li><li class=\"rank-math-html-sitemap__item\"><a href=\"https:\/\/inotechmachining.com\/sv\/resurser\/16-meter-karusellsvarv\/\" class=\"rank-math-html-sitemap__link\">16-meters karusellsvarv<\/a><\/li><li class=\"rank-math-html-sitemap__item\"><a href=\"https:\/\/inotechmachining.com\/sv\/resurser\/flodesborrning\/\" class=\"rank-math-html-sitemap__link\">Fl\u00f6desborrning \u2014 Princip, parametrar och fl\u00f6desborrmaskiner f\u00f6r tunnv\u00e4ggiga metaller<\/a><\/li><\/ul><\/li><li class=\"rank-math-html-sitemap__item\"><a href=\"https:\/\/inotechmachining.com\/sv\/tack\/\" class=\"rank-math-html-sitemap__link\">Tack<\/a><\/li><li class=\"rank-math-html-sitemap__item\"><a href=\"https:\/\/inotechmachining.com\/sv\/cnc-bearbetning-2\/\" class=\"rank-math-html-sitemap__link\">Hem-version 1<\/a><\/li><li class=\"rank-math-html-sitemap__item\"><a href=\"https:\/\/inotechmachining.com\/sv\/varning\/\" class=\"rank-math-html-sitemap__link\">varning<\/a><\/li><li class=\"rank-math-html-sitemap__item\"><a href=\"https:\/\/inotechmachining.com\/sv\/sekretesspolicy-eu\/\" class=\"rank-math-html-sitemap__link\">Sekretesspolicy (EU)<\/a><\/li><li class=\"rank-math-html-sitemap__item\"><a href=\"https:\/\/inotechmachining.com\/sv\/fa-ett-citat\/\" class=\"rank-math-html-sitemap__link\">F\u00e5 ett citat<\/a><\/li><li class=\"rank-math-html-sitemap__item\"><a href=\"https:\/\/inotechmachining.com\/sv\/cookiepolicy-eu\/\" class=\"rank-math-html-sitemap__link\">Cookiepolicy (EU)<\/a><\/li><li class=\"rank-math-html-sitemap__item\"><a href=\"https:\/\/inotechmachining.com\/sv\/webbplatskarta\/\" class=\"rank-math-html-sitemap__link\">Webbplatskarta - inotechmachining.com<\/a><\/li><li class=\"rank-math-html-sitemap__item\"><a href=\"https:\/\/inotechmachining.com\/sv\/component-assembly-services\/\" class=\"rank-math-html-sitemap__link\">Komponentmonteringstj\u00e4nster<\/a><\/li><li class=\"rank-math-html-sitemap__item\"><a href=\"https:\/\/inotechmachining.com\/sv\/ytbehandling\/\" class=\"rank-math-html-sitemap__link\">Ytbehandling \/ Tj\u00e4nster<\/a><\/li><li class=\"rank-math-html-sitemap__item\"><a href=\"https:\/\/inotechmachining.com\/sv\/industrier\/\" class=\"rank-math-html-sitemap__link\">Projekt<\/a><ul class=\"rank-math-html-sitemap__list\"><li class=\"rank-math-html-sitemap__item\"><a href=\"https:\/\/inotechmachining.com\/sv\/industrier\/machined-parts-for-the-research-sector\/\" class=\"rank-math-html-sitemap__link\">Forskningssektorn<\/a><\/li><li class=\"rank-math-html-sitemap__item\"><a href=\"https:\/\/inotechmachining.com\/sv\/industrier\/maskinbearbetade-delar-for-flygindustrin\/\" class=\"rank-math-html-sitemap__link\">Flygindustri<\/a><\/li><li class=\"rank-math-html-sitemap__item\"><a href=\"https:\/\/inotechmachining.com\/sv\/industrier\/maskinbearbetade-delar-for-den-tunga-industrin\/\" class=\"rank-math-html-sitemap__link\">Tung industri<\/a><\/li><li class=\"rank-math-html-sitemap__item\"><a href=\"https:\/\/inotechmachining.com\/sv\/industrier\/maskinbearbetade-delar-for-bilindustrin\/\" class=\"rank-math-html-sitemap__link\">Bilindustrin<\/a><\/li><li class=\"rank-math-html-sitemap__item\"><a href=\"https:\/\/inotechmachining.com\/sv\/industrier\/maskinbearbetade-delar-for-lakemedelsindustrin\/\" class=\"rank-math-html-sitemap__link\">L\u00e4kemedelsindustrin<\/a><\/li><\/ul><\/li><li class=\"rank-math-html-sitemap__item\"><a href=\"https:\/\/inotechmachining.com\/sv\/kunder\/\" class=\"rank-math-html-sitemap__link\">Kunder<\/a><\/li><li class=\"rank-math-html-sitemap__item\"><a href=\"https:\/\/inotechmachining.com\/sv\/cnc-bearbetningstjanster\/\" class=\"rank-math-html-sitemap__link\">Tj\u00e4nster<\/a><ul class=\"rank-math-html-sitemap__list\"><li class=\"rank-math-html-sitemap__item\"><a href=\"https:\/\/inotechmachining.com\/sv\/cnc-bearbetningstjanster\/svetstjanster\/\" class=\"rank-math-html-sitemap__link\">Svetsning<\/a><\/li><li class=\"rank-math-html-sitemap__item\"><a href=\"https:\/\/inotechmachining.com\/sv\/cnc-bearbetningstjanster\/plasmaskarning\/\" class=\"rank-math-html-sitemap__link\">Plasmask\u00e4rning<\/a><\/li><li class=\"rank-math-html-sitemap__item\"><a href=\"https:\/\/inotechmachining.com\/sv\/cnc-bearbetningstjanster\/cnc-svarvning\/\" class=\"rank-math-html-sitemap__link\">CNC-svarvning<\/a><\/li><li class=\"rank-math-html-sitemap__item\"><a href=\"https:\/\/inotechmachining.com\/sv\/cnc-bearbetningstjanster\/laserskarning\/\" class=\"rank-math-html-sitemap__link\">Lasersk\u00e4rningstj\u00e4nster<\/a><\/li><li class=\"rank-math-html-sitemap__item\"><a href=\"https:\/\/inotechmachining.com\/sv\/cnc-bearbetningstjanster\/plattillverkning\/\" class=\"rank-math-html-sitemap__link\">Tj\u00e4nster f\u00f6r tillverkning av anpassade pl\u00e5tar<\/a><\/li><li class=\"rank-math-html-sitemap__item\"><a href=\"https:\/\/inotechmachining.com\/sv\/cnc-bearbetningstjanster\/cnc-frasning\/\" class=\"rank-math-html-sitemap__link\">CNC-fr\u00e4sning<\/a><\/li><\/ul><\/li><li class=\"rank-math-html-sitemap__item\"><a href=\"https:\/\/inotechmachining.com\/sv\/kontakt\/\" class=\"rank-math-html-sitemap__link\">Kontakt<\/a><\/li><li class=\"rank-math-html-sitemap__item\"><a href=\"https:\/\/inotechmachining.com\/sv\/nyheter\/\" class=\"rank-math-html-sitemap__link\">Nyheter<\/a><\/li><li class=\"rank-math-html-sitemap__item\"><a href=\"https:\/\/inotechmachining.com\/sv\/om-inotech-bearbetning\/\" class=\"rank-math-html-sitemap__link\">Handla om<\/a><\/li><li class=\"rank-math-html-sitemap__item\"><a href=\"https:\/\/inotechmachining.com\/sv\/\" class=\"rank-math-html-sitemap__link\">Hem<\/a><\/li><\/ul><\/div><\/div>","protected":false},"excerpt":{"rendered":"","protected":false},"author":1,"featured_media":0,"parent":0,"menu_order":0,"comment_status":"closed","ping_status":"closed","template":"","meta":{"_monsterinsights_skip_tracking":false,"_monsterinsights_sitenote_active":false,"_monsterinsights_sitenote_note":"","_monsterinsights_sitenote_category":0,"footnotes":""},"class_list":["post-4273","page","type-page","status-publish","hentry"],"_links":{"self":[{"href":"https:\/\/inotechmachining.com\/sv\/wp-json\/wp\/v2\/pages\/4273","targetHints":{"allow":["GET"]}}],"collection":[{"href":"https:\/\/inotechmachining.com\/sv\/wp-json\/wp\/v2\/pages"}],"about":[{"href":"https:\/\/inotechmachining.com\/sv\/wp-json\/wp\/v2\/types\/page"}],"author":[{"embeddable":true,"href":"https:\/\/inotechmachining.com\/sv\/wp-json\/wp\/v2\/users\/1"}],"replies":[{"embeddable":true,"href":"https:\/\/inotechmachining.com\/sv\/wp-json\/wp\/v2\/comments?post=4273"}],"version-history":[{"count":5,"href":"https:\/\/inotechmachining.com\/sv\/wp-json\/wp\/v2\/pages\/4273\/revisions"}],"predecessor-version":[{"id":10438,"href":"https:\/\/inotechmachining.com\/sv\/wp-json\/wp\/v2\/pages\/4273\/revisions\/10438"}],"wp:attachment":[{"href":"https:\/\/inotechmachining.com\/sv\/wp-json\/wp\/v2\/media?parent=4273"}],"curies":[{"name":"wp","href":"https:\/\/api.w.org\/{rel}","templated":true}]}}